{"id":31583,"date":"2025-05-06T12:48:43","date_gmt":"2025-05-06T10:48:43","guid":{"rendered":"https:\/\/apte.org\/job-offers\/"},"modified":"2025-07-17T09:55:24","modified_gmt":"2025-07-17T07:55:24","slug":"job-offers","status":"publish","type":"page","link":"https:\/\/www.apte.org\/en\/job-offers\/","title":{"rendered":"Job offers"},"content":{"rendered":"<section class=\"l-section wpb_row us_custom_2db68a42 height_large color_primary\"><div class=\"l-section-h i-cf\"><div class=\"g-cols vc_row via_flex valign_top type_default stacking_default\"><div class=\"vc_col-sm-12 wpb_column vc_column_container\"><div class=\"vc_column-inner\"><div class=\"wpb_wrapper\">[vc_custom_heading text=&#8221;Job offers&#8221; font_container=&#8221;tag:h1|text_align:left&#8221; use_theme_fonts=&#8221;yes&#8221; css=&#8221;%7B%22default%22%3A%7B%22margin-bottom%22%3A%221rem%22%7D%7D&#8221;]<div class=\"wpb_text_column us_custom_4f565819\"><div class=\"wpb_wrapper\"><p><span style=\"font-weight: 400;\">In this section we provide information on job vacancies in companies and entities located in science and technology parks, as well as in their management companies.<\/span><\/p>\n<\/div><\/div><\/div><\/div><\/div><\/div><\/div><\/section><section class=\"l-section wpb_row us_custom_e7dc464c height_medium\"><div class=\"l-section-h i-cf\"><div class=\"g-cols vc_row via_flex valign_top type_default stacking_default\"><div class=\"vc_col-sm-12 wpb_column vc_column_container\"><div class=\"vc_column-inner\"><div class=\"wpb_wrapper\">[vc_custom_heading text=&#8221;Vacancies in <strong>APTE member PCTs<\/strong>&#8221; font_container=&#8221;tag:h2|text_align:center&#8221; use_theme_fonts=&#8221;yes&#8221; css=&#8221;%7B%22default%22%3A%7B%22margin-bottom%22%3A%223rem%22%7D%7D&#8221;]<div class=\"g-cols wpb_row via_flex valign_top type_default stacking_default\"><div class=\"vc_col-sm-12 wpb_column vc_column_container\"><div class=\"vc_column-inner\"><div class=\"wpb_wrapper\"><div class=\"w-grid type_grid layout_822 hidden cols_2\" id=\"us_grid_1\" style=\"--columns:2;--gap:1.5rem;\" data-filterable=\"true\"><style>@media (max-width:1124px){#us_grid_1{--columns:1!important}}@media (max-width:768px){#us_grid_1{--columns:1!important}}.layout_822 .w-grid-item-h{}.layout_822 .usg_vwrapper_1{width:100%!important;padding-left:1.5rem!important;border-left-width:1px!important;border-color:var(--color-header-middle-text-hover)!important;border-left-style:solid!important}.layout_822 .usg_btn_1{width:100%!important}.layout_822 .usg_post_date_1{color:var(--color-content-border)!important;font-size:0.8rem!important;margin-bottom:-0.3rem!important}.layout_822 .usg_html_1{font-size:1.2rem!important;font-weight:600!important}@media (min-width:1125px) and (max-width:1590px){.layout_822 .usg_vwrapper_1{padding-left:1.5rem!important;border-left-width:1px!important;border-color:var(--color-header-middle-text-hover)!important;border-left-style:solid!important}}@media (min-width:769px) and (max-width:1124px){.layout_822 .usg_vwrapper_1{padding-left:1.5rem!important;border-left-width:1px!important;border-color:var(--color-header-middle-text-hover)!important;border-left-style:solid!important}}@media (max-width:768px){.layout_822 .usg_image_1{margin-left:auto!important;margin-right:auto!important}.layout_822 .usg_vwrapper_1{padding-left:0!important;padding-top:1.5rem!important;border-left-width:0!important;border-top-width:1px!important;border-color:var(--color-header-middle-text-hover)!important;border-top-style:solid!important;border-left-style:solid!important}}<\/style><div class=\"w-grid-list\"><\/div><div class=\"w-grid-preloader\">\t<div class=\"g-preloader type_1\">\r\n\t\t<div><\/div>\r\n\t<\/div>\r\n\t<\/div>\t<div class=\"w-grid-json hidden\" onclick='return {&quot;action&quot;:&quot;us_ajax_grid&quot;,&quot;infinite_scroll&quot;:0,&quot;max_num_pages&quot;:0,&quot;pagination&quot;:&quot;none&quot;,&quot;template_vars&quot;:{&quot;columns&quot;:&quot;2&quot;,&quot;exclude_items&quot;:&quot;none&quot;,&quot;img_size&quot;:&quot;default&quot;,&quot;ignore_items_size&quot;:0,&quot;items_layout&quot;:&quot;822&quot;,&quot;items_offset&quot;:&quot;1&quot;,&quot;load_animation&quot;:&quot;none&quot;,&quot;overriding_link&quot;:&quot;%7B%22url%22%3A%22%22%7D&quot;,&quot;post_id&quot;:0,&quot;query_args&quot;:{&quot;post_type&quot;:[&quot;oferta-de-trabajo&quot;],&quot;tax_query&quot;:[{&quot;taxonomy&quot;:&quot;tipo-vacante&quot;,&quot;field&quot;:&quot;slug&quot;,&quot;terms&quot;:[&quot;vacantes-en-pcts-miembros-de-apte&quot;]}],&quot;post_status&quot;:[&quot;publish&quot;,&quot;acf-disabled&quot;],&quot;posts_per_page&quot;:&quot;10&quot;},&quot;orderby_query_args&quot;:{&quot;orderby&quot;:{&quot;date&quot;:&quot;DESC&quot;}},&quot;type&quot;:&quot;grid&quot;,&quot;us_grid_post_type&quot;:&quot;oferta-de-trabajo&quot;,&quot;us_grid_ajax_index&quot;:1,&quot;us_grid_filter_query_string&quot;:null,&quot;us_grid_index&quot;:1,&quot;page_args&quot;:[],&quot;lang&quot;:&quot;en&quot;}}'><\/div>\r\n\t<\/div><div class=\"w-grid-none type_message\">No results found.<\/div><div class=\"w-text us_custom_f931a57e\"><span class=\"w-text-h\"><span class=\"w-text-value\">*Offers will remain on the website for a maximum of 2 months.<\/span><\/span><\/div><\/div><\/div><\/div><\/div><\/div><\/div><\/div><\/div><\/div><\/section><section class=\"l-section wpb_row us_custom_e7dc464c height_medium\"><div class=\"l-section-h i-cf\"><div class=\"g-cols vc_row via_flex valign_top type_default stacking_default\"><div class=\"vc_col-sm-12 wpb_column vc_column_container\"><div class=\"vc_column-inner\"><div class=\"wpb_wrapper\">[vc_custom_heading text=&#8221;Vacancies in <strong>companies and institutions of APTE&apos;s PCTs<\/strong>&#8221; font_container=&#8221;tag:h2|text_align:center&#8221; use_theme_fonts=&#8221;yes&#8221; css=&#8221;%7B%22default%22%3A%7B%22margin-bottom%22%3A%223rem%22%7D%7D&#8221;]<div class=\"g-cols wpb_row via_flex valign_top type_default stacking_default\"><div class=\"vc_col-sm-12 wpb_column vc_column_container\"><div class=\"vc_column-inner\"><div class=\"wpb_wrapper\"><div class=\"w-grid type_grid layout_822 cols_2\" id=\"us_grid_2\" style=\"--columns:2;--gap:1.5rem;\" data-filterable=\"true\"><style>@media (max-width:1124px){#us_grid_2{--columns:1!important}}@media (max-width:768px){#us_grid_2{--columns:1!important}}<\/style><div class=\"w-grid-list\">\t<article class=\"w-grid-item size_1x1 post-59066 oferta-de-trabajo type-oferta-de-trabajo status-publish has-post-thumbnail hentry tipo-vacante-vacantes-en-empresas-e-instituciones-de-pcts-de-apte\" data-id=\"59066\">\r\n\t\t<div class=\"w-grid-item-h\">\r\n\t\t\t\t\t\t<div class=\"w-hwrapper usg_hwrapper_1 align_none valign_middle stack_on_mobiles\"><div class=\"w-image usg_image_1 img-work-offer has_ratio\"><div class=\"w-image-h\"><div style=\"padding-bottom:66.6667%\"><\/div><img decoding=\"async\" width=\"330\" height=\"136\" src=\"https:\/\/www.apte.org\/wp-content\/uploads\/2025\/07\/Logo_ArcelorMittal.svg.png\" class=\"attachment-large size-large\" alt=\"\" loading=\"lazy\" \/><\/div><\/div><div class=\"w-vwrapper usg_vwrapper_1 align_none valign_middle\"><time class=\"w-post-elm post_date usg_post_date_1 has_text_color entry-date published\" datetime=\"2026-03-25T17:37:59+02:00\">03\/25\/2026<\/time><div class=\"w-html usg_html_1\">Digital\/AI Expert<\/div><div class=\"w-post-elm post_custom_field usg_post_custom_field_1 type_text business_name color_link_inherit\"><span class=\"w-post-elm-before\">Business: <\/span><span class=\"w-post-elm-value\">ArcelorMittal<\/span><\/div><div class=\"w-html usg_html_2\"><span class=\"w-post-elm-before\">Technology\/Science Park:<\/span> Parque Cient\u00edfico Tecnol\u00f3gico Avil\u00e9s Isla de la Innovaci\u00f3n<\/div><a class=\"w-btn us-btn-style_1 usg_btn_1\" target=\"_blank\" href=\"https:\/\/emfg.fa.em4.oraclecloud.com\/hcmUI\/CandidateExperience\/en\/sites\/CX_4001\/job\/35215\/\"><span class=\"w-btn-label\">See offer<\/span><\/a><\/div><\/div>\t\t<\/div>\r\n\t\t\t<\/article>\r\n\t<article class=\"w-grid-item size_1x1 post-56923 oferta-de-trabajo type-oferta-de-trabajo status-publish has-post-thumbnail hentry tipo-vacante-vacantes-en-empresas-e-instituciones-de-pcts-de-apte\" data-id=\"56923\">\r\n\t\t<div class=\"w-grid-item-h\">\r\n\t\t\t\t\t\t<div class=\"w-hwrapper usg_hwrapper_1 align_none valign_middle stack_on_mobiles\"><div class=\"w-image usg_image_1 img-work-offer has_ratio\"><div class=\"w-image-h\"><div style=\"padding-bottom:66.6667%\"><\/div><img decoding=\"async\" width=\"300\" height=\"141\" src=\"https:\/\/www.apte.org\/wp-content\/uploads\/2026\/02\/Imagotipo-Centrado_Azul-300x141-1.png\" class=\"attachment-large size-large\" alt=\"\" loading=\"lazy\" \/><\/div><\/div><div class=\"w-vwrapper usg_vwrapper_1 align_none valign_middle\"><time class=\"w-post-elm post_date usg_post_date_1 has_text_color entry-date published\" datetime=\"2026-02-10T16:22:58+02:00\">02\/10\/2026<\/time><div class=\"w-html usg_html_1\">Senior Fullstack Developer<\/div><div class=\"w-post-elm post_custom_field usg_post_custom_field_1 type_text business_name color_link_inherit\"><span class=\"w-post-elm-before\">Business: <\/span><span class=\"w-post-elm-value\">Trueworld Organization<\/span><\/div><div class=\"w-html usg_html_2\"><span class=\"w-post-elm-before\">Technology\/Science Park:<\/span> Parc Balear d\u2019Innovaci\u00f3 tecnol\u00f2gica (ParcBit)<\/div><a class=\"w-btn us-btn-style_1 usg_btn_1\" target=\"_blank\" href=\"https:\/\/www.linkedin.com\/jobs\/search\/?currentJobId=4370559521&#038;f_C=66763085&#038;geoId=92000000&#038;origin=COMPANY_PAGE_JOBS_CLUSTER_EXPANSION&#038;originToLandingJobPostings=4370559521&#038;trk=d_flagship3_company\"><span class=\"w-btn-label\">See offer<\/span><\/a><\/div><\/div>\t\t<\/div>\r\n\t\t\t<\/article>\r\n<\/div><div class=\"w-grid-preloader\">\t<div class=\"g-preloader type_1\">\r\n\t\t<div><\/div>\r\n\t<\/div>\r\n\t<\/div>\t<div class=\"w-grid-json hidden\" onclick='return {&quot;action&quot;:&quot;us_ajax_grid&quot;,&quot;infinite_scroll&quot;:0,&quot;max_num_pages&quot;:1,&quot;pagination&quot;:&quot;none&quot;,&quot;template_vars&quot;:{&quot;columns&quot;:&quot;2&quot;,&quot;exclude_items&quot;:&quot;none&quot;,&quot;img_size&quot;:&quot;default&quot;,&quot;ignore_items_size&quot;:0,&quot;items_layout&quot;:&quot;822&quot;,&quot;items_offset&quot;:&quot;1&quot;,&quot;load_animation&quot;:&quot;none&quot;,&quot;overriding_link&quot;:&quot;%7B%22url%22%3A%22%22%7D&quot;,&quot;post_id&quot;:0,&quot;query_args&quot;:{&quot;post_type&quot;:[&quot;oferta-de-trabajo&quot;],&quot;tax_query&quot;:[{&quot;taxonomy&quot;:&quot;tipo-vacante&quot;,&quot;field&quot;:&quot;slug&quot;,&quot;terms&quot;:[&quot;vacantes-en-empresas-e-instituciones-de-pcts-de-apte&quot;]}],&quot;post_status&quot;:[&quot;publish&quot;,&quot;acf-disabled&quot;],&quot;posts_per_page&quot;:&quot;10&quot;},&quot;orderby_query_args&quot;:{&quot;orderby&quot;:{&quot;date&quot;:&quot;DESC&quot;}},&quot;type&quot;:&quot;grid&quot;,&quot;us_grid_post_type&quot;:&quot;oferta-de-trabajo&quot;,&quot;us_grid_ajax_index&quot;:2,&quot;us_grid_filter_query_string&quot;:null,&quot;us_grid_index&quot;:2,&quot;page_args&quot;:[],&quot;lang&quot;:&quot;en&quot;}}'><\/div>\r\n\t<\/div><div class=\"w-text us_custom_f931a57e\"><span class=\"w-text-h\"><span class=\"w-text-value\">*Offers will remain on the website for a maximum of 3 months.<\/span><\/span><\/div><\/div><\/div><\/div><\/div><\/div><\/div><\/div><\/div><\/div><\/section><section class=\"l-section wpb_row height_medium\"><div class=\"l-section-h i-cf\"><div class=\"g-cols vc_row via_flex valign_top type_default stacking_default\"><div class=\"vc_col-sm-12 wpb_column vc_column_container\"><div class=\"vc_column-inner\"><div class=\"wpb_wrapper\">[vc_custom_heading text=&#8221;Other <strong>vacancies<\/strong>&#8221; font_container=&#8221;tag:h2|text_align:center&#8221; use_theme_fonts=&#8221;yes&#8221;]<p class=\"w-text us_custom_c551892e\"><span class=\"w-text-h\"><span class=\"w-text-value\">Offers and requests for scientific-technological collaboration<\/span><\/span><\/p><div class=\"g-cols wpb_row via_flex valign_top type_default stacking_default\"><div class=\"vc_col-sm-6 wpb_column vc_column_container\"><div class=\"vc_column-inner\"><div class=\"wpb_wrapper\">[vc_custom_heading text=&#8221;COITT Job Opportunities&#8221; use_theme_fonts=&#8221;yes&#8221; css=&#8221;%7B%22default%22%3A%7B%22font-size%22%3A%221.3rem%22%7D%7D&#8221;]<div class=\"wpb_text_column\"><div class=\"wpb_wrapper\"><p>APTE has a collaboration agreement with the Official Association of Technical Telecommunications Engineers (COITT), with the aim of collaborating jointly to facilitate the employment of professionals among the companies of the parks promoting communication between the offers and demands of jobs called by the various companies in the environment of the APTE parks and to which the Telecommunications Engineers registered in the COITT can apply.<\/p>\n<p><b>Visit the Interactive Job Board: <a href=\"https:\/\/bolsadeempleo.coitt.es\/\" target=\"_blank\" rel=\"nofollow noopener\">https:\/\/bolsadeempleo.coitt.es\/<\/a><\/b><\/p>\n<\/div><\/div>[vc_custom_heading text=&#8221;Vacancies in international organizations&#8221; use_theme_fonts=&#8221;yes&#8221; css=&#8221;%7B%22default%22%3A%7B%22font-size%22%3A%221.3rem%22%7D%7D&#8221;]<div class=\"wpb_text_column\"><div class=\"wpb_wrapper\"><p><span>This bulletin includes only outstanding positions, intended for managers and professionals with extensive experience; you can find the latest vacancies, the requirements to access the position and the deadline for submitting applications. The vacancies are open to all Spanish citizens who meet the requirements of the position; they are not reserved for civil servants. <\/span><\/p>\n<p><span>Here you can download the <a href=\"https:\/\/apte.org\/wp-content\/uploads\/2025\/05\/Resumen-semanal-de-vacantes-de-OOII.pdf\" target=\"_blank\" rel=\"noopener\"><strong>List of Vacancies<\/strong><\/a> updated as of 04\/23\/2025<\/span><\/p>\n<\/div><\/div><\/div><\/div><\/div><div class=\"vc_col-sm-6 wpb_column vc_column_container\"><div class=\"vc_column-inner\"><div class=\"wpb_wrapper\">[vc_custom_heading text=&#8221;Reports&#8221; use_theme_fonts=&#8221;yes&#8221; css=&#8221;%7B%22default%22%3A%7B%22font-size%22%3A%221.3rem%22%7D%7D&#8221;]<div class=\"wpb_text_column\"><div class=\"wpb_wrapper\"><ul>\n<li style=\"font-weight: 400;\" aria-level=\"1\"><a href=\"https:\/\/apte.org\/wp-content\/uploads\/2025\/05\/4231-1.pdf\" target=\"_blank\" rel=\"noopener\"><b>Annual State Labor Market Report 2024<\/b><\/a> <span style=\"font-weight: 400;\">&#8211; Ministry of Labor and Social Economy<\/span><\/li>\n<li style=\"font-weight: 400;\" aria-level=\"1\"><a href=\"https:\/\/www.sepe.es\/HomeSepe\/que-es-el-sepe\/que-es-observatorio\/informes-anuales-mercado-trabajo-provincial-municipal.html\"><b>Provincial and Municipal Labor Market Reports<\/b><\/a><span style=\"font-weight: 400;\"> &#8211; Ministry of Labor and Social Economy<\/span><\/li>\n<li style=\"font-weight: 400;\" aria-level=\"1\"><a href=\"https:\/\/apte.org\/wp-content\/uploads\/2025\/05\/2024-Tendencias-del-mercado-de-trabajo_NIPO.pdf\"><b>Labor Market Trends 2024 Reports<\/b><\/a><span style=\"font-weight: 400;\"> &#8211; Ministry of Labor and Social Economy<\/span><\/li>\n<li style=\"font-weight: 400;\" aria-level=\"1\"><a href=\"https:\/\/apte.org\/wp-content\/uploads\/2025\/05\/4355-1.pdf\"><b>Report The labor market for STEM occupations in Spain 2024<\/b><\/a><span style=\"font-weight: 400;\"> &#8211; Ministry of Labor and Social Economy<\/span><\/li>\n<li style=\"font-weight: 400;\" aria-level=\"1\"><a href=\"https:\/\/apte.org\/wp-content\/uploads\/2025\/05\/4155-1.pdf\"><b>Basic Data on Labor Mobility in Spain 2024 (Data 2023)<\/b><\/a><span style=\"font-weight: 400;\"> &#8211; Ministry of Labor and Social Economy<\/span><\/li>\n<li style=\"font-weight: 400;\" aria-level=\"1\"><a href=\"https:\/\/apte.org\/wp-content\/uploads\/2025\/05\/2024_El_ajuste_de_la_oferta_y_la_demanda_de_empleo.pdf\"><b>Adjustment of labor supply and demand 2024<\/b><\/a><span> &#8211; Ministry of Labor, Migration and Social Security<\/span><\/li>\n<\/ul>\n<\/div><\/div><\/div><\/div><\/div><\/div><\/div><\/div><\/div><\/div><\/div><\/section>\n","protected":false},"excerpt":{"rendered":"","protected":false},"author":1,"featured_media":0,"parent":0,"menu_order":0,"comment_status":"closed","ping_status":"closed","template":"","meta":{"_acf_changed":false,"footnotes":""},"class_list":["post-31583","page","type-page","status-publish","hentry"],"acf":[],"yoast_head":"<!-- This site is optimized with the Yoast SEO plugin v27.4 - https:\/\/yoast.com\/product\/yoast-seo-wordpress\/ -->\n<title>Job offers - APTE<\/title>\n<meta name=\"robots\" content=\"index, follow, max-snippet:-1, max-image-preview:large, max-video-preview:-1\" \/>\n<link rel=\"canonical\" href=\"https:\/\/www.apte.org\/en\/job-offers\/\" \/>\n<meta property=\"og:locale\" content=\"en_US\" \/>\n<meta property=\"og:type\" content=\"article\" \/>\n<meta property=\"og:title\" content=\"Job offers - APTE\" \/>\n<meta property=\"og:url\" content=\"https:\/\/www.apte.org\/en\/job-offers\/\" \/>\n<meta property=\"og:site_name\" content=\"APTE\" \/>\n<meta property=\"article:modified_time\" content=\"2025-07-17T07:55:24+00:00\" \/>\n<meta name=\"twitter:card\" content=\"summary_large_image\" \/>\n<meta name=\"twitter:label1\" content=\"Est. reading time\" \/>\n\t<meta name=\"twitter:data1\" content=\"4 minutes\" \/>\n<script type=\"application\/ld+json\" class=\"yoast-schema-graph\">{\"@context\":\"https:\\\/\\\/schema.org\",\"@graph\":[{\"@type\":\"WebPage\",\"@id\":\"https:\\\/\\\/www.apte.org\\\/en\\\/job-offers\\\/\",\"url\":\"https:\\\/\\\/www.apte.org\\\/en\\\/job-offers\\\/\",\"name\":\"Job offers - APTE\",\"isPartOf\":{\"@id\":\"https:\\\/\\\/www.apte.org\\\/en\\\/#website\"},\"datePublished\":\"2025-05-06T10:48:43+00:00\",\"dateModified\":\"2025-07-17T07:55:24+00:00\",\"breadcrumb\":{\"@id\":\"https:\\\/\\\/www.apte.org\\\/en\\\/job-offers\\\/#breadcrumb\"},\"inLanguage\":\"en-US\",\"potentialAction\":[{\"@type\":\"ReadAction\",\"target\":[\"https:\\\/\\\/www.apte.org\\\/en\\\/job-offers\\\/\"]}]},{\"@type\":\"BreadcrumbList\",\"@id\":\"https:\\\/\\\/www.apte.org\\\/en\\\/job-offers\\\/#breadcrumb\",\"itemListElement\":[{\"@type\":\"ListItem\",\"position\":1,\"name\":\"Portada\",\"item\":\"https:\\\/\\\/www.apte.org\\\/en\\\/home\\\/\"},{\"@type\":\"ListItem\",\"position\":2,\"name\":\"Job offers\"}]},{\"@type\":\"WebSite\",\"@id\":\"https:\\\/\\\/www.apte.org\\\/en\\\/#website\",\"url\":\"https:\\\/\\\/www.apte.org\\\/en\\\/\",\"name\":\"APTE\",\"description\":\"\",\"potentialAction\":[{\"@type\":\"SearchAction\",\"target\":{\"@type\":\"EntryPoint\",\"urlTemplate\":\"https:\\\/\\\/www.apte.org\\\/en\\\/?s={search_term_string}\"},\"query-input\":{\"@type\":\"PropertyValueSpecification\",\"valueRequired\":true,\"valueName\":\"search_term_string\"}}],\"inLanguage\":\"en-US\"}]}<\/script>\n<!-- \/ Yoast SEO plugin. -->","yoast_head_json":{"title":"Job offers - APTE","robots":{"index":"index","follow":"follow","max-snippet":"max-snippet:-1","max-image-preview":"max-image-preview:large","max-video-preview":"max-video-preview:-1"},"canonical":"https:\/\/www.apte.org\/en\/job-offers\/","og_locale":"en_US","og_type":"article","og_title":"Job offers - APTE","og_url":"https:\/\/www.apte.org\/en\/job-offers\/","og_site_name":"APTE","article_modified_time":"2025-07-17T07:55:24+00:00","twitter_card":"summary_large_image","twitter_misc":{"Est. reading time":"4 minutes"},"schema":{"@context":"https:\/\/schema.org","@graph":[{"@type":"WebPage","@id":"https:\/\/www.apte.org\/en\/job-offers\/","url":"https:\/\/www.apte.org\/en\/job-offers\/","name":"Job offers - APTE","isPartOf":{"@id":"https:\/\/www.apte.org\/en\/#website"},"datePublished":"2025-05-06T10:48:43+00:00","dateModified":"2025-07-17T07:55:24+00:00","breadcrumb":{"@id":"https:\/\/www.apte.org\/en\/job-offers\/#breadcrumb"},"inLanguage":"en-US","potentialAction":[{"@type":"ReadAction","target":["https:\/\/www.apte.org\/en\/job-offers\/"]}]},{"@type":"BreadcrumbList","@id":"https:\/\/www.apte.org\/en\/job-offers\/#breadcrumb","itemListElement":[{"@type":"ListItem","position":1,"name":"Portada","item":"https:\/\/www.apte.org\/en\/home\/"},{"@type":"ListItem","position":2,"name":"Job offers"}]},{"@type":"WebSite","@id":"https:\/\/www.apte.org\/en\/#website","url":"https:\/\/www.apte.org\/en\/","name":"APTE","description":"","potentialAction":[{"@type":"SearchAction","target":{"@type":"EntryPoint","urlTemplate":"https:\/\/www.apte.org\/en\/?s={search_term_string}"},"query-input":{"@type":"PropertyValueSpecification","valueRequired":true,"valueName":"search_term_string"}}],"inLanguage":"en-US"}]}},"_links":{"self":[{"href":"https:\/\/www.apte.org\/en\/wp-json\/wp\/v2\/pages\/31583","targetHints":{"allow":["GET"]}}],"collection":[{"href":"https:\/\/www.apte.org\/en\/wp-json\/wp\/v2\/pages"}],"about":[{"href":"https:\/\/www.apte.org\/en\/wp-json\/wp\/v2\/types\/page"}],"author":[{"embeddable":true,"href":"https:\/\/www.apte.org\/en\/wp-json\/wp\/v2\/users\/1"}],"replies":[{"embeddable":true,"href":"https:\/\/www.apte.org\/en\/wp-json\/wp\/v2\/comments?post=31583"}],"version-history":[{"count":6,"href":"https:\/\/www.apte.org\/en\/wp-json\/wp\/v2\/pages\/31583\/revisions"}],"predecessor-version":[{"id":31600,"href":"https:\/\/www.apte.org\/en\/wp-json\/wp\/v2\/pages\/31583\/revisions\/31600"}],"wp:attachment":[{"href":"https:\/\/www.apte.org\/en\/wp-json\/wp\/v2\/media?parent=31583"}],"curies":[{"name":"wp","href":"https:\/\/api.w.org\/{rel}","templated":true}]}}