{"id":31594,"date":"2025-05-06T09:53:08","date_gmt":"2025-05-06T07:53:08","guid":{"rendered":"https:\/\/apte.org\/press-room\/"},"modified":"2025-07-17T09:55:25","modified_gmt":"2025-07-17T07:55:25","slug":"press-room","status":"publish","type":"page","link":"https:\/\/www.apte.org\/en\/press-room\/","title":{"rendered":"Press Room"},"content":{"rendered":"<section class=\"l-section wpb_row us_custom_2db68a42 height_large color_primary\"><div class=\"l-section-h i-cf\"><div class=\"g-cols vc_row via_flex valign_top type_default stacking_default\"><div class=\"vc_col-sm-12 wpb_column vc_column_container\"><div class=\"vc_column-inner\"><div class=\"wpb_wrapper\">[vc_custom_heading text=&#8221;Press Room&#8221; font_container=&#8221;tag:h1|text_align:left&#8221; use_theme_fonts=&#8221;yes&#8221; css=&#8221;%7B%22default%22%3A%7B%22margin-bottom%22%3A%221rem%22%7D%7D&#8221;]<div class=\"wpb_text_column us_custom_4f565819\"><div class=\"wpb_wrapper\"><p>View and download our latest press releases.<\/p>\n<\/div><\/div><\/div><\/div><\/div><\/div><\/div><\/section><section class=\"l-section wpb_row height_medium\"><div class=\"l-section-h i-cf\"><div class=\"g-cols vc_row via_flex valign_top type_default stacking_default\"><div class=\"vc_col-sm-12 wpb_column vc_column_container\"><div class=\"vc_column-inner\"><div class=\"wpb_wrapper\"><div class=\"w-hwrapper valign_middle align_right\" style=\"--hwrapper-gap:0rem\"><div class=\"w-search for_list layout_simple us-field-style_2 us_custom_6e6b27fa iconpos_left live_search change_url_params\"><form class=\"w-form-row for_text\" role=\"search\" method=\"get\"><div class=\"w-form-row-field\"><input aria-label=\"Search...\" name=\"list_search\" placeholder=\"Search...\" type=\"text\" value\/><\/div><button class=\"w-search-reset\" type=\"button\" aria-label=\"Reset\"><\/button><button aria-label=\"Search\" class=\"w-search-form-btn w-btn\" type=\"submit\" style=\"--icon-size:18px;\"><span class=\"fal fa-search\"><\/span><\/button><\/form><div class=\"w-search-message hidden\"><\/div><\/div><\/div><div class=\"w-grid type_grid layout_2976 cols_4 pagination_ajax overflow_hidden\" id=\"us_grid_1\" style=\"--columns:4;--gap:0.5rem;\" data-filterable=\"true\"><style>@media (max-width:1590px){#us_grid_1{--columns:3!important}}@media (max-width:1124px){#us_grid_1{--columns:2!important}}@media (max-width:768px){#us_grid_1{--columns:1!important}}.layout_2976 .w-grid-item-h{border-radius:0.3rem;box-shadow:0 0.03rem 0.06rem rgba(0,0,0,0.1),0 0.1rem 0.3rem rgba(0,0,0,0.1);transition-duration:0.3s}.layout_2976 .usg_vwrapper_2{transition-duration:0.3s;transform-origin:50% 50%;transform:scale(1) translate(0%,0%);opacity:0}.layout_2976 .w-grid-item-h:hover .usg_vwrapper_2{transform:scale(1) translate(0%,0%);opacity:1}.layout_2976 .usg_text_1{transition-duration:0.3s;transform-origin:50% 50%;transform:scale(1) translate(0%,0%)}.layout_2976 .w-grid-item-h:hover .usg_text_1{transform:scale(1) translate(0%,0%);opacity:1;background:var(--color-content-primary)!important;color:#ffffff!important}.layout_2976 .usg_post_title_1{font-size:1rem!important;line-height:1.2!important;font-weight:500!important}.layout_2976 .usg_post_date_1{color:var(--color-content-faded)!important;text-align:center!important;font-size:0.8rem!important;margin-top:auto!important;margin-bottom:0!important}.layout_2976 .usg_vwrapper_1{height:100%!important;border-radius:0.3rem!important;position:relative!important;padding:2.2rem 1rem 2.2rem 1rem!important;border:1px solid var(--color-content-text)!important}.layout_2976 .usg_vwrapper_2{position:absolute!important;left:-1px!important;top:-1px!important;bottom:-1px!important;right:-1px!important;background:rgba(0,0,0,0.60)!important}.layout_2976 .usg_text_1{color:var(--color-content-primary)!important;text-align:center!important;font-size:36px!important;line-height:62px!important;width:62px!important;height:62px!important;min-width:62px!important;min-height:62px!important;border-radius:36px!important;overflow:hidden!important}<\/style><div class=\"w-grid-list\">\t<article class=\"w-grid-item size_1x1 post-59498 nota-prensa type-nota-prensa status-publish hentry\" data-id=\"59498\">\r\n\t\t<div class=\"w-grid-item-h\">\r\n\t\t\t\t\t\t<div class=\"w-vwrapper usg_vwrapper_1 align_center valign_top\"><h2 class=\"w-post-elm post_title usg_post_title_1 align_center entry-title\">34 jornadas para romper la brecha STEAM: Ciencia y Tecnolog\u00eda en femenino llega a su gran final en el PCUMH<\/h2><time class=\"w-post-elm post_date usg_post_date_1 has_text_color entry-date published\" datetime=\"2026-04-08T08:57:59+02:00\">8 April 2026<\/time><div class=\"w-vwrapper usg_vwrapper_2 align_center valign_middle\" style=\"--vwrapper-gap:0px\"><div class=\"w-text usg_text_1 has_text_color no_text icon_atleft\"><a target=\"_blank\" rel=\"nofollow\" href=\"https:\/\/www.apte.org\/wp-content\/uploads\/2026\/04\/Ndp_34-jornadas-para-romper-la-brecha-STEAM.pdf\" aria-label=\"Link\" class=\"w-text-h\"><span class=\"fal fa-file-pdf\"><\/span><span class=\"w-text-value\"><\/span><\/a><\/div><\/div><\/div>\t\t<\/div>\r\n\t\t\t<\/article>\r\n\t<article class=\"w-grid-item size_1x1 post-57704 nota-prensa type-nota-prensa status-publish hentry\" data-id=\"57704\">\r\n\t\t<div class=\"w-grid-item-h\">\r\n\t\t\t\t\t\t<div class=\"w-vwrapper usg_vwrapper_1 align_center valign_top\"><h2 class=\"w-post-elm post_title usg_post_title_1 align_center entry-title\">La Asociaci\u00f3n de Parques Cient\u00edficos y Tecnol\u00f3gicos de Espa\u00f1a moviliza a 200 representantes de su ecosistema innovador en Transfiere 2026<\/h2><time class=\"w-post-elm post_date usg_post_date_1 has_text_color entry-date published\" datetime=\"2026-02-26T14:44:06+02:00\">26 February 2026<\/time><div class=\"w-vwrapper usg_vwrapper_2 align_center valign_middle\" style=\"--vwrapper-gap:0px\"><div class=\"w-text usg_text_1 has_text_color no_text icon_atleft\"><a target=\"_blank\" rel=\"nofollow\" href=\"https:\/\/www.apte.org\/wp-content\/uploads\/2026\/02\/Ndp_La-Asociacion-de-Parques-Cientificos-y-Tecnologicos-de-Espana-moviliza-a-200-representantes-de-su-ecosistema-innovador-en-Transfiere-2026.pdf\" aria-label=\"Link\" class=\"w-text-h\"><span class=\"fal fa-file-pdf\"><\/span><span class=\"w-text-value\"><\/span><\/a><\/div><\/div><\/div>\t\t<\/div>\r\n\t\t\t<\/article>\r\n\t<article class=\"w-grid-item size_1x1 post-57686 nota-prensa type-nota-prensa status-publish hentry\" data-id=\"57686\">\r\n\t\t<div class=\"w-grid-item-h\">\r\n\t\t\t\t\t\t<div class=\"w-vwrapper usg_vwrapper_1 align_center valign_top\"><h2 class=\"w-post-elm post_title usg_post_title_1 align_center entry-title\">El programa APTenisa presenta 33 nuevas startups en Transfiere 2026<\/h2><time class=\"w-post-elm post_date usg_post_date_1 has_text_color entry-date published\" datetime=\"2026-02-26T14:00:45+02:00\">26 February 2026<\/time><div class=\"w-vwrapper usg_vwrapper_2 align_center valign_middle\" style=\"--vwrapper-gap:0px\"><div class=\"w-text usg_text_1 has_text_color no_text icon_atleft\"><a target=\"_blank\" rel=\"nofollow\" href=\"https:\/\/www.apte.org\/wp-content\/uploads\/2026\/02\/Ndp_El-programa-APTenisa-presenta-a-33-nuevas-startups-en-Transfiere-2026.pdf\" aria-label=\"Link\" class=\"w-text-h\"><span class=\"fal fa-file-pdf\"><\/span><span class=\"w-text-value\"><\/span><\/a><\/div><\/div><\/div>\t\t<\/div>\r\n\t\t\t<\/article>\r\n\t<article class=\"w-grid-item size_1x1 post-57316 nota-prensa type-nota-prensa status-publish hentry\" data-id=\"57316\">\r\n\t\t<div class=\"w-grid-item-h\">\r\n\t\t\t\t\t\t<div class=\"w-vwrapper usg_vwrapper_1 align_center valign_top\"><h2 class=\"w-post-elm post_title usg_post_title_1 align_center entry-title\">Los parques cient\u00edficos y tecnol\u00f3gicos acudir\u00e1n a Transfiere 2026 acompa\u00f1ados por un centenar de sus empresas m\u00e1s innovadoras<\/h2><time class=\"w-post-elm post_date usg_post_date_1 has_text_color entry-date published\" datetime=\"2026-02-19T12:27:34+02:00\">19 February 2026<\/time><div class=\"w-vwrapper usg_vwrapper_2 align_center valign_middle\" style=\"--vwrapper-gap:0px\"><div class=\"w-text usg_text_1 has_text_color no_text icon_atleft\"><a target=\"_blank\" rel=\"nofollow\" href=\"https:\/\/www.apte.org\/wp-content\/uploads\/2026\/02\/Ndp_Los-parques-cientificos-y-tecnologicos-acudiran-a-Transfiere-2026-acompanados-por-un-centenar-de-sus-empresas-mas-innovadoras.pdf\" aria-label=\"Link\" class=\"w-text-h\"><span class=\"fal fa-file-pdf\"><\/span><span class=\"w-text-value\"><\/span><\/a><\/div><\/div><\/div>\t\t<\/div>\r\n\t\t\t<\/article>\r\n\t<article class=\"w-grid-item size_1x1 post-56403 nota-prensa type-nota-prensa status-publish hentry\" data-id=\"56403\">\r\n\t\t<div class=\"w-grid-item-h\">\r\n\t\t\t\t\t\t<div class=\"w-vwrapper usg_vwrapper_1 align_center valign_top\"><h2 class=\"w-post-elm post_title usg_post_title_1 align_center entry-title\">APTE participa en la presentaci\u00f3n del Plan de Empresas y Talento del ParcBit<\/h2><time class=\"w-post-elm post_date usg_post_date_1 has_text_color entry-date published\" datetime=\"2026-01-27T17:20:53+02:00\">27 January 2026<\/time><div class=\"w-vwrapper usg_vwrapper_2 align_center valign_middle\" style=\"--vwrapper-gap:0px\"><div class=\"w-text usg_text_1 has_text_color no_text icon_atleft\"><a target=\"_blank\" rel=\"nofollow\" href=\"https:\/\/www.apte.org\/wp-content\/uploads\/2026\/01\/Ndp_APTE-participa-en-la-presentacion-del-Plan-de-Empresas-y-Talento-del-ParcBit.pdf\" aria-label=\"Link\" class=\"w-text-h\"><span class=\"fal fa-file-pdf\"><\/span><span class=\"w-text-value\"><\/span><\/a><\/div><\/div><\/div>\t\t<\/div>\r\n\t\t\t<\/article>\r\n\t<article class=\"w-grid-item size_1x1 post-55614 nota-prensa type-nota-prensa status-publish hentry\" data-id=\"55614\">\r\n\t\t<div class=\"w-grid-item-h\">\r\n\t\t\t\t\t\t<div class=\"w-vwrapper usg_vwrapper_1 align_center valign_top\"><h2 class=\"w-post-elm post_title usg_post_title_1 align_center entry-title\">APTE presenta a sus 100 mejores startups de 2025<\/h2><time class=\"w-post-elm post_date usg_post_date_1 has_text_color entry-date published\" datetime=\"2025-12-16T11:06:16+02:00\">16 December 2025<\/time><div class=\"w-vwrapper usg_vwrapper_2 align_center valign_middle\" style=\"--vwrapper-gap:0px\"><div class=\"w-text usg_text_1 has_text_color no_text icon_atleft\"><a target=\"_blank\" rel=\"nofollow\" href=\"https:\/\/www.apte.org\/wp-content\/uploads\/2025\/12\/Ndp_APTE-presenta-a-sus-100-mejores-startups-de-2025.pdf\" aria-label=\"Link\" class=\"w-text-h\"><span class=\"fal fa-file-pdf\"><\/span><span class=\"w-text-value\"><\/span><\/a><\/div><\/div><\/div>\t\t<\/div>\r\n\t\t\t<\/article>\r\n\t<article class=\"w-grid-item size_1x1 post-55029 nota-prensa type-nota-prensa status-publish hentry\" data-id=\"55029\">\r\n\t\t<div class=\"w-grid-item-h\">\r\n\t\t\t\t\t\t<div class=\"w-vwrapper usg_vwrapper_1 align_center valign_top\"><h2 class=\"w-post-elm post_title usg_post_title_1 align_center entry-title\">DISRUPTIVE apuesta en su V Asamblea por la convergencia digital como v\u00eda para fortalecer la soberan\u00eda tecnol\u00f3gica europea<\/h2><time class=\"w-post-elm post_date usg_post_date_1 has_text_color entry-date published\" datetime=\"2025-12-04T14:23:04+02:00\">4 December 2025<\/time><div class=\"w-vwrapper usg_vwrapper_2 align_center valign_middle\" style=\"--vwrapper-gap:0px\"><div class=\"w-text usg_text_1 has_text_color no_text icon_atleft\"><a target=\"_blank\" rel=\"nofollow\" href=\"https:\/\/www.apte.org\/wp-content\/uploads\/2025\/12\/Ndp_DISRUPTIVE-apuesta-en-su-V-Asamblea-por-la-convergencia-digital-como-via-para-fortalecer-la-soberania-tecnologica-europea.pdf\" aria-label=\"Link\" class=\"w-text-h\"><span class=\"fal fa-file-pdf\"><\/span><span class=\"w-text-value\"><\/span><\/a><\/div><\/div><\/div>\t\t<\/div>\r\n\t\t\t<\/article>\r\n\t<article class=\"w-grid-item size_1x1 post-54878 nota-prensa type-nota-prensa status-publish hentry\" data-id=\"54878\">\r\n\t\t<div class=\"w-grid-item-h\">\r\n\t\t\t\t\t\t<div class=\"w-vwrapper usg_vwrapper_1 align_center valign_top\"><h2 class=\"w-post-elm post_title usg_post_title_1 align_center entry-title\">M\u00e1s de 400 personas descubren las infraestructuras m\u00e1s punteras de los parques cient\u00edficos y tecnol\u00f3gicos espa\u00f1oles<\/h2><time class=\"w-post-elm post_date usg_post_date_1 has_text_color entry-date published\" datetime=\"2025-11-27T10:10:21+02:00\">27 November 2025<\/time><div class=\"w-vwrapper usg_vwrapper_2 align_center valign_middle\" style=\"--vwrapper-gap:0px\"><div class=\"w-text usg_text_1 has_text_color no_text icon_atleft\"><a target=\"_blank\" rel=\"nofollow\" href=\"https:\/\/www.apte.org\/wp-content\/uploads\/2025\/11\/Ndp_Mas-de-400-personas-descubren-las-infraestructuras-mas-punteras-de-los-parques-cientificos-y-tecnologicos-espanoles.pdf\" aria-label=\"Link\" class=\"w-text-h\"><span class=\"fal fa-file-pdf\"><\/span><span class=\"w-text-value\"><\/span><\/a><\/div><\/div><\/div>\t\t<\/div>\r\n\t\t\t<\/article>\r\n\t<article class=\"w-grid-item size_1x1 post-54559 nota-prensa type-nota-prensa status-publish hentry\" data-id=\"54559\">\r\n\t\t<div class=\"w-grid-item-h\">\r\n\t\t\t\t\t\t<div class=\"w-vwrapper usg_vwrapper_1 align_center valign_top\"><h2 class=\"w-post-elm post_title usg_post_title_1 align_center entry-title\">Los 27 espacios m\u00e1s innovadores de los parques cient\u00edficos y tecnol\u00f3gicos de APTE abren sus puertas<\/h2><time class=\"w-post-elm post_date usg_post_date_1 has_text_color entry-date published\" datetime=\"2025-11-12T11:56:34+02:00\">12 November 2025<\/time><div class=\"w-vwrapper usg_vwrapper_2 align_center valign_middle\" style=\"--vwrapper-gap:0px\"><div class=\"w-text usg_text_1 has_text_color no_text icon_atleft\"><a target=\"_blank\" rel=\"nofollow\" href=\"https:\/\/www.apte.org\/wp-content\/uploads\/2025\/11\/Ndp_Los-27-espacios-mas-innovadores-de-los-parques-cientificos-y-tecnologicos-de-APTE-abren-sus-puertas.pdf\" aria-label=\"Link\" class=\"w-text-h\"><span class=\"fal fa-file-pdf\"><\/span><span class=\"w-text-value\"><\/span><\/a><\/div><\/div><\/div>\t\t<\/div>\r\n\t\t\t<\/article>\r\n\t<article class=\"w-grid-item size_1x1 post-54534 nota-prensa type-nota-prensa status-publish hentry\" data-id=\"54534\">\r\n\t\t<div class=\"w-grid-item-h\">\r\n\t\t\t\t\t\t<div class=\"w-vwrapper usg_vwrapper_1 align_center valign_top\"><h2 class=\"w-post-elm post_title usg_post_title_1 align_center entry-title\">\u2018Ciencia y Tecnolog\u00eda en femenino\u2019 inicia su 8\u00ba edici\u00f3n con la publicaci\u00f3n del primer listado con 80 mujeres referentes de los parques cient\u00edficos y tecnol\u00f3gicos<\/h2><time class=\"w-post-elm post_date usg_post_date_1 has_text_color entry-date published\" datetime=\"2025-11-11T12:41:09+02:00\">11 November 2025<\/time><div class=\"w-vwrapper usg_vwrapper_2 align_center valign_middle\" style=\"--vwrapper-gap:0px\"><div class=\"w-text usg_text_1 has_text_color no_text icon_atleft\"><a target=\"_blank\" rel=\"nofollow\" href=\"https:\/\/www.apte.org\/wp-content\/uploads\/2025\/11\/Ndp_\u2018Ciencia-y-Tecnologia-en-femenino-inicia-su-8o-edicion-con-la-publicacion-del-primer-listado-con-80-mujeres-referentes-de-los-parques-cientificos-y-tecnologicos_.pdf\" aria-label=\"Link\" class=\"w-text-h\"><span class=\"fal fa-file-pdf\"><\/span><span class=\"w-text-value\"><\/span><\/a><\/div><\/div><\/div>\t\t<\/div>\r\n\t\t\t<\/article>\r\n\t<article class=\"w-grid-item size_1x1 post-54422 nota-prensa type-nota-prensa status-publish hentry\" data-id=\"54422\">\r\n\t\t<div class=\"w-grid-item-h\">\r\n\t\t\t\t\t\t<div class=\"w-vwrapper usg_vwrapper_1 align_center valign_top\"><h2 class=\"w-post-elm post_title usg_post_title_1 align_center entry-title\">APTE reconoce la excelencia de los parques cient\u00edficos y tecnol\u00f3gicos y de los medios de comunicaci\u00f3n en su XXIII Conferencia Internacional en Gij\u00f3n<\/h2><time class=\"w-post-elm post_date usg_post_date_1 has_text_color entry-date published\" datetime=\"2025-11-07T13:53:06+02:00\">7 November 2025<\/time><div class=\"w-vwrapper usg_vwrapper_2 align_center valign_middle\" style=\"--vwrapper-gap:0px\"><div class=\"w-text usg_text_1 has_text_color no_text icon_atleft\"><span target=\"_blank\" rel=\"nofollow\" class=\"w-text-h\"><span class=\"fal fa-file-pdf\"><\/span><span class=\"w-text-value\"><\/span><\/span><\/div><\/div><\/div>\t\t<\/div>\r\n\t\t\t<\/article>\r\n\t<article class=\"w-grid-item size_1x1 post-54325 nota-prensa type-nota-prensa status-publish hentry\" data-id=\"54325\">\r\n\t\t<div class=\"w-grid-item-h\">\r\n\t\t\t\t\t\t<div class=\"w-vwrapper usg_vwrapper_1 align_center valign_top\"><h2 class=\"w-post-elm post_title usg_post_title_1 align_center entry-title\">La econom\u00eda azul 5.0 eje central de la XXIII Conferencia Internacional de APTE en Gij\u00f3n<\/h2><time class=\"w-post-elm post_date usg_post_date_1 has_text_color entry-date published\" datetime=\"2025-11-04T09:37:42+02:00\">4 November 2025<\/time><div class=\"w-vwrapper usg_vwrapper_2 align_center valign_middle\" style=\"--vwrapper-gap:0px\"><div class=\"w-text usg_text_1 has_text_color no_text icon_atleft\"><a target=\"_blank\" rel=\"nofollow\" href=\"https:\/\/www.apte.org\/wp-content\/uploads\/2025\/11\/Ndp_La-economia-azul-5.0-eje-central-de-la-XXIII-Conferencia-Internacional-de-APTE-en-Gijon.pdf\" aria-label=\"Link\" class=\"w-text-h\"><span class=\"fal fa-file-pdf\"><\/span><span class=\"w-text-value\"><\/span><\/a><\/div><\/div><\/div>\t\t<\/div>\r\n\t\t\t<\/article>\r\n<\/div><div class=\"w-grid-preloader\">\t<div class=\"g-preloader type_1\">\r\n\t\t<div><\/div>\r\n\t<\/div>\r\n\t<\/div>\t\t\t<div class=\"g-loadmore \">\r\n\t\t\t\t<div class=\"g-preloader type_1\">\r\n\t\t\t\t\t<div><\/div>\r\n\t\t\t\t<\/div>\r\n\t\t\t\t<button class=\"w-btn us-btn-style_1\">\r\n\t\t\t\t\t<span class=\"w-btn-label\">Load More<\/span>\r\n\t\t\t\t<\/button>\r\n\t\t\t<\/div>\r\n\t\t\t\t<div class=\"w-grid-json hidden\" onclick='return {&quot;action&quot;:&quot;us_ajax_grid&quot;,&quot;infinite_scroll&quot;:0,&quot;max_num_pages&quot;:3,&quot;pagination&quot;:&quot;ajax&quot;,&quot;template_vars&quot;:{&quot;columns&quot;:&quot;4&quot;,&quot;exclude_items&quot;:&quot;none&quot;,&quot;img_size&quot;:&quot;default&quot;,&quot;ignore_items_size&quot;:0,&quot;items_layout&quot;:&quot;2976&quot;,&quot;items_offset&quot;:&quot;1&quot;,&quot;load_animation&quot;:&quot;none&quot;,&quot;overriding_link&quot;:&quot;%7B%22url%22%3A%22%22%7D&quot;,&quot;post_id&quot;:0,&quot;query_args&quot;:{&quot;post_type&quot;:[&quot;nota-prensa&quot;],&quot;post_status&quot;:[&quot;publish&quot;,&quot;acf-disabled&quot;],&quot;posts_per_page&quot;:&quot;12&quot;},&quot;orderby_query_args&quot;:{&quot;orderby&quot;:{&quot;date&quot;:&quot;DESC&quot;}},&quot;type&quot;:&quot;grid&quot;,&quot;us_grid_post_type&quot;:&quot;nota-prensa&quot;,&quot;us_grid_ajax_index&quot;:1,&quot;us_grid_filter_query_string&quot;:null,&quot;us_grid_index&quot;:1,&quot;page_args&quot;:[],&quot;lang&quot;:&quot;en&quot;}}'><\/div>\r\n\t<\/div><\/div><\/div><\/div><\/div><\/div><\/section>\n","protected":false},"excerpt":{"rendered":"","protected":false},"author":1,"featured_media":0,"parent":0,"menu_order":0,"comment_status":"closed","ping_status":"closed","template":"","meta":{"_acf_changed":false,"footnotes":""},"class_list":["post-31594","page","type-page","status-publish","hentry"],"acf":[],"yoast_head":"<!-- This site is optimized with the Yoast SEO plugin v27.3 - https:\/\/yoast.com\/product\/yoast-seo-wordpress\/ -->\n<title>Press Room - APTE<\/title>\n<meta name=\"robots\" content=\"index, follow, max-snippet:-1, max-image-preview:large, max-video-preview:-1\" \/>\n<link rel=\"canonical\" href=\"https:\/\/www.apte.org\/en\/press-room\/\" \/>\n<meta property=\"og:locale\" content=\"en_US\" \/>\n<meta property=\"og:type\" content=\"article\" \/>\n<meta property=\"og:title\" content=\"Press Room - APTE\" \/>\n<meta property=\"og:url\" content=\"https:\/\/www.apte.org\/en\/press-room\/\" \/>\n<meta property=\"og:site_name\" content=\"APTE\" \/>\n<meta property=\"article:modified_time\" content=\"2025-07-17T07:55:25+00:00\" \/>\n<meta name=\"twitter:card\" content=\"summary_large_image\" \/>\n<meta name=\"twitter:label1\" content=\"Est. reading time\" \/>\n\t<meta name=\"twitter:data1\" content=\"1 minute\" \/>\n<script type=\"application\/ld+json\" class=\"yoast-schema-graph\">{\"@context\":\"https:\\\/\\\/schema.org\",\"@graph\":[{\"@type\":\"WebPage\",\"@id\":\"https:\\\/\\\/www.apte.org\\\/en\\\/press-room\\\/\",\"url\":\"https:\\\/\\\/www.apte.org\\\/en\\\/press-room\\\/\",\"name\":\"Press Room - APTE\",\"isPartOf\":{\"@id\":\"https:\\\/\\\/www.apte.org\\\/en\\\/#website\"},\"datePublished\":\"2025-05-06T07:53:08+00:00\",\"dateModified\":\"2025-07-17T07:55:25+00:00\",\"breadcrumb\":{\"@id\":\"https:\\\/\\\/www.apte.org\\\/en\\\/press-room\\\/#breadcrumb\"},\"inLanguage\":\"en-US\",\"potentialAction\":[{\"@type\":\"ReadAction\",\"target\":[\"https:\\\/\\\/www.apte.org\\\/en\\\/press-room\\\/\"]}]},{\"@type\":\"BreadcrumbList\",\"@id\":\"https:\\\/\\\/www.apte.org\\\/en\\\/press-room\\\/#breadcrumb\",\"itemListElement\":[{\"@type\":\"ListItem\",\"position\":1,\"name\":\"Portada\",\"item\":\"https:\\\/\\\/www.apte.org\\\/en\\\/home\\\/\"},{\"@type\":\"ListItem\",\"position\":2,\"name\":\"Press Room\"}]},{\"@type\":\"WebSite\",\"@id\":\"https:\\\/\\\/www.apte.org\\\/en\\\/#website\",\"url\":\"https:\\\/\\\/www.apte.org\\\/en\\\/\",\"name\":\"APTE\",\"description\":\"\",\"potentialAction\":[{\"@type\":\"SearchAction\",\"target\":{\"@type\":\"EntryPoint\",\"urlTemplate\":\"https:\\\/\\\/www.apte.org\\\/en\\\/?s={search_term_string}\"},\"query-input\":{\"@type\":\"PropertyValueSpecification\",\"valueRequired\":true,\"valueName\":\"search_term_string\"}}],\"inLanguage\":\"en-US\"}]}<\/script>\n<!-- \/ Yoast SEO plugin. -->","yoast_head_json":{"title":"Press Room - APTE","robots":{"index":"index","follow":"follow","max-snippet":"max-snippet:-1","max-image-preview":"max-image-preview:large","max-video-preview":"max-video-preview:-1"},"canonical":"https:\/\/www.apte.org\/en\/press-room\/","og_locale":"en_US","og_type":"article","og_title":"Press Room - APTE","og_url":"https:\/\/www.apte.org\/en\/press-room\/","og_site_name":"APTE","article_modified_time":"2025-07-17T07:55:25+00:00","twitter_card":"summary_large_image","twitter_misc":{"Est. reading time":"1 minute"},"schema":{"@context":"https:\/\/schema.org","@graph":[{"@type":"WebPage","@id":"https:\/\/www.apte.org\/en\/press-room\/","url":"https:\/\/www.apte.org\/en\/press-room\/","name":"Press Room - APTE","isPartOf":{"@id":"https:\/\/www.apte.org\/en\/#website"},"datePublished":"2025-05-06T07:53:08+00:00","dateModified":"2025-07-17T07:55:25+00:00","breadcrumb":{"@id":"https:\/\/www.apte.org\/en\/press-room\/#breadcrumb"},"inLanguage":"en-US","potentialAction":[{"@type":"ReadAction","target":["https:\/\/www.apte.org\/en\/press-room\/"]}]},{"@type":"BreadcrumbList","@id":"https:\/\/www.apte.org\/en\/press-room\/#breadcrumb","itemListElement":[{"@type":"ListItem","position":1,"name":"Portada","item":"https:\/\/www.apte.org\/en\/home\/"},{"@type":"ListItem","position":2,"name":"Press Room"}]},{"@type":"WebSite","@id":"https:\/\/www.apte.org\/en\/#website","url":"https:\/\/www.apte.org\/en\/","name":"APTE","description":"","potentialAction":[{"@type":"SearchAction","target":{"@type":"EntryPoint","urlTemplate":"https:\/\/www.apte.org\/en\/?s={search_term_string}"},"query-input":{"@type":"PropertyValueSpecification","valueRequired":true,"valueName":"search_term_string"}}],"inLanguage":"en-US"}]}},"_links":{"self":[{"href":"https:\/\/www.apte.org\/en\/wp-json\/wp\/v2\/pages\/31594","targetHints":{"allow":["GET"]}}],"collection":[{"href":"https:\/\/www.apte.org\/en\/wp-json\/wp\/v2\/pages"}],"about":[{"href":"https:\/\/www.apte.org\/en\/wp-json\/wp\/v2\/types\/page"}],"author":[{"embeddable":true,"href":"https:\/\/www.apte.org\/en\/wp-json\/wp\/v2\/users\/1"}],"replies":[{"embeddable":true,"href":"https:\/\/www.apte.org\/en\/wp-json\/wp\/v2\/comments?post=31594"}],"version-history":[{"count":1,"href":"https:\/\/www.apte.org\/en\/wp-json\/wp\/v2\/pages\/31594\/revisions"}],"predecessor-version":[{"id":31596,"href":"https:\/\/www.apte.org\/en\/wp-json\/wp\/v2\/pages\/31594\/revisions\/31596"}],"wp:attachment":[{"href":"https:\/\/www.apte.org\/en\/wp-json\/wp\/v2\/media?parent=31594"}],"curies":[{"name":"wp","href":"https:\/\/api.w.org\/{rel}","templated":true}]}}