{"id":31619,"date":"2022-09-30T13:44:00","date_gmt":"2022-09-30T11:44:00","guid":{"rendered":"https:\/\/apte.org\/legal-notice\/"},"modified":"2025-07-17T09:56:03","modified_gmt":"2025-07-17T07:56:03","slug":"legal-notice","status":"publish","type":"page","link":"https:\/\/www.apte.org\/en\/legal-notice\/","title":{"rendered":"Legal Notice"},"content":{"rendered":"<section class=\"l-section wpb_row height_medium\"><div class=\"l-section-h i-cf\"><div class=\"g-cols vc_row via_flex valign_top type_default stacking_default\"><div class=\"vc_col-sm-12 wpb_column vc_column_container\"><div class=\"vc_column-inner\"><div class=\"wpb_wrapper\">[vc_custom_heading text=&#8221;Legal Notice&#8221; font_container=&#8221;tag:h1|text_align:left&#8221; use_theme_fonts=&#8221;yes&#8221;]<div class=\"wpb_text_column\"><div class=\"wpb_wrapper\"><p>In compliance with the provisions of Law 34\/2002 of July 11, 2002, on Information Society Services and Electronic Commerce (LSSICE), the general information of the website www.apte.org is provided below.<\/p>\n<h2>1. Entity<\/h2>\n<p><strong>Association of Science and Technology Parks of Spain (APTE)<\/strong><br \/>\nCIF: G-33216961<br \/>\nTlf: +34 951 231 306<br \/>\nC\/ Mar\u00eda Curie n\u00ba 35, 29590 campanillas M\u00e1laga (Parque Tecnol\u00f3gico de Andaluc\u00eda)<br \/>\nAssociation constituted on April 17, 1998 and registered in the Register of Associations with the number 168547<br \/>\nEmail: info@apte.org<\/p>\n<h2>2. Use of the Web Site<\/h2>\n<p>The website is offered for promotional purposes, informing about the different services offered by APTE, an association dedicated to promote and coordinate science and technology parks in Spain, promoting innovation, entrepreneurship, scientific collaboration and technological development.<\/p>\n<p>APTE may stop providing the information services offered on this Web site without any communication with the user, which will not entail any legal obligation to the user or third parties.<\/p>\n<h2>3. Privacy<\/h2>\n<p>The information that APTE may collect from users of this website will be used exclusively to provide information to interested parties who request it and\/or to answer any queries deemed appropriate by the user.<\/p>\n<p>For more information, please see our <a href=\"https:\/\/apte.org\/en\/privacy-policy\/\">Privacy Policy<\/a>.<\/p>\n<h2>4. Links to Third Parties<\/h2>\n<p>In the case of links to third party sites, the user will be governed by the Terms of Use and Privacy Policy of the new site, accepting that APTE will not be responsible or liable for the use of such sites.<\/p>\n<h2>5. Intellectual Property<\/h2>\n<p>APTE, by itself or as assignee or licensee, is the owner of all intellectual and industrial property rights of the elements that make up this website, thus all rights are reserved. It is expressly prohibited conduct such as reproduction, distribution and public communication, including the total or partial availability of the contents of this website for commercial purposes in accordance with Articles 8 and 21 of the Intellectual Property Law. <\/p>\n<p>The user of the website may in any case view the elements and contents of this website and may print them, store them and even copy them in any medium, provided that they are intended for strictly personal and private use.<\/p>\n<h2>6. Terms of use and liability<\/h2>\n<p>The user of the APTE website agrees to use this website in accordance with the law, morality and public order.<\/p>\n<p>We can specify the following behaviors that the user must refrain from performing:<\/p>\n<p>Unauthorized use or fraudulent use of the website.<br \/>\nAttempting unauthorized access by its legitimate owner.<br \/>\nAny use of the web portal for illegal purposes, or harmful to third parties or with intent to harm the site and other users of the same.<br \/>\nProduce any damage to the systems that this website may have installed for its operation.<\/p>\n<p>The owner of APTE, will only be responsible for those contents created and added by himself, not for links that may incorporate third parties, or those external links that redirect to another website that certainly does not control its alteration.<br \/>\nThe owner reserves the right to make any alterations it deems appropriate without prior notice, both of its contents and the services it offers. It also reserves the right to approve or remove content that does not consider appropriate added by third parties. <\/p>\n<h2>7. Modifications to the Terms of Use<\/h2>\n<p>APTE reserves the right to modify its terms of use and Privacy Policy when it deems appropriate. The user is obliged to review the content of these terms of use, as they may be modified without prior notice. Likewise, the user understands and accepts each and every one of the clauses contained in this document. It is the sole responsibility of the user to review the aforementioned terms.   <\/p>\n<h2>8. Applicable Law and Jurisdiction<\/h2>\n<p>The applicable law in case of dispute or conflict of interpretation of the terms that make up this Legal Notice, as well as any matter related to the services of this Portal, shall be Spanish law.<br \/>\nFor the resolution of any conflict that may arise on the occasion of the visit to the Portal or the use of the contents that may be published therein, these shall be settled in the corresponding Courts and Tribunals.<\/p>\n<\/div><\/div><\/div><\/div><\/div><\/div><\/div><\/section>\n","protected":false},"excerpt":{"rendered":"[vc_custom_heading text=\"Legal Notice\" font_container=\"tag:h1|text_align:left\" use_theme_fonts=\"yes\"]In compliance with the provisions of Law 34\/2002 of July 11, 2002, on Information Society Services and Electronic Commerce (LSSICE), the general information of the website www.apte.org is provided below. 1. Entity Association of Science and Technology Parks of Spain (APTE) CIF: G-33216961 Tlf: +34 951 231 306 C\/ Mar\u00eda Curie...","protected":false},"author":1,"featured_media":0,"parent":0,"menu_order":0,"comment_status":"closed","ping_status":"open","template":"","meta":{"_acf_changed":false,"footnotes":""},"class_list":["post-31619","page","type-page","status-publish","hentry"],"acf":[],"yoast_head":"<!-- This site is optimized with the Yoast SEO plugin v27.4 - https:\/\/yoast.com\/product\/yoast-seo-wordpress\/ -->\n<title>Legal Notice - APTE<\/title>\n<meta name=\"robots\" content=\"noindex, follow\" \/>\n<meta property=\"og:locale\" content=\"en_US\" \/>\n<meta property=\"og:type\" content=\"article\" \/>\n<meta property=\"og:title\" content=\"Legal Notice - APTE\" \/>\n<meta property=\"og:url\" content=\"https:\/\/www.apte.org\/en\/legal-notice\/\" \/>\n<meta property=\"og:site_name\" content=\"APTE\" \/>\n<meta property=\"article:modified_time\" content=\"2025-07-17T07:56:03+00:00\" \/>\n<meta name=\"twitter:card\" content=\"summary_large_image\" \/>\n<meta name=\"twitter:label1\" content=\"Est. reading time\" \/>\n\t<meta name=\"twitter:data1\" content=\"4 minutes\" \/>\n<script type=\"application\/ld+json\" class=\"yoast-schema-graph\">{\"@context\":\"https:\\\/\\\/schema.org\",\"@graph\":[{\"@type\":\"WebPage\",\"@id\":\"https:\\\/\\\/www.apte.org\\\/en\\\/legal-notice\\\/\",\"url\":\"https:\\\/\\\/www.apte.org\\\/en\\\/legal-notice\\\/\",\"name\":\"Legal Notice - APTE\",\"isPartOf\":{\"@id\":\"https:\\\/\\\/www.apte.org\\\/en\\\/#website\"},\"datePublished\":\"2022-09-30T11:44:00+00:00\",\"dateModified\":\"2025-07-17T07:56:03+00:00\",\"breadcrumb\":{\"@id\":\"https:\\\/\\\/www.apte.org\\\/en\\\/legal-notice\\\/#breadcrumb\"},\"inLanguage\":\"en-US\",\"potentialAction\":[{\"@type\":\"ReadAction\",\"target\":[\"https:\\\/\\\/www.apte.org\\\/en\\\/legal-notice\\\/\"]}]},{\"@type\":\"BreadcrumbList\",\"@id\":\"https:\\\/\\\/www.apte.org\\\/en\\\/legal-notice\\\/#breadcrumb\",\"itemListElement\":[{\"@type\":\"ListItem\",\"position\":1,\"name\":\"Portada\",\"item\":\"https:\\\/\\\/www.apte.org\\\/en\\\/home\\\/\"},{\"@type\":\"ListItem\",\"position\":2,\"name\":\"Legal Notice\"}]},{\"@type\":\"WebSite\",\"@id\":\"https:\\\/\\\/www.apte.org\\\/en\\\/#website\",\"url\":\"https:\\\/\\\/www.apte.org\\\/en\\\/\",\"name\":\"APTE\",\"description\":\"\",\"potentialAction\":[{\"@type\":\"SearchAction\",\"target\":{\"@type\":\"EntryPoint\",\"urlTemplate\":\"https:\\\/\\\/www.apte.org\\\/en\\\/?s={search_term_string}\"},\"query-input\":{\"@type\":\"PropertyValueSpecification\",\"valueRequired\":true,\"valueName\":\"search_term_string\"}}],\"inLanguage\":\"en-US\"}]}<\/script>\n<!-- \/ Yoast SEO plugin. -->","yoast_head_json":{"title":"Legal Notice - APTE","robots":{"index":"noindex","follow":"follow"},"og_locale":"en_US","og_type":"article","og_title":"Legal Notice - APTE","og_url":"https:\/\/www.apte.org\/en\/legal-notice\/","og_site_name":"APTE","article_modified_time":"2025-07-17T07:56:03+00:00","twitter_card":"summary_large_image","twitter_misc":{"Est. reading time":"4 minutes"},"schema":{"@context":"https:\/\/schema.org","@graph":[{"@type":"WebPage","@id":"https:\/\/www.apte.org\/en\/legal-notice\/","url":"https:\/\/www.apte.org\/en\/legal-notice\/","name":"Legal Notice - APTE","isPartOf":{"@id":"https:\/\/www.apte.org\/en\/#website"},"datePublished":"2022-09-30T11:44:00+00:00","dateModified":"2025-07-17T07:56:03+00:00","breadcrumb":{"@id":"https:\/\/www.apte.org\/en\/legal-notice\/#breadcrumb"},"inLanguage":"en-US","potentialAction":[{"@type":"ReadAction","target":["https:\/\/www.apte.org\/en\/legal-notice\/"]}]},{"@type":"BreadcrumbList","@id":"https:\/\/www.apte.org\/en\/legal-notice\/#breadcrumb","itemListElement":[{"@type":"ListItem","position":1,"name":"Portada","item":"https:\/\/www.apte.org\/en\/home\/"},{"@type":"ListItem","position":2,"name":"Legal Notice"}]},{"@type":"WebSite","@id":"https:\/\/www.apte.org\/en\/#website","url":"https:\/\/www.apte.org\/en\/","name":"APTE","description":"","potentialAction":[{"@type":"SearchAction","target":{"@type":"EntryPoint","urlTemplate":"https:\/\/www.apte.org\/en\/?s={search_term_string}"},"query-input":{"@type":"PropertyValueSpecification","valueRequired":true,"valueName":"search_term_string"}}],"inLanguage":"en-US"}]}},"_links":{"self":[{"href":"https:\/\/www.apte.org\/en\/wp-json\/wp\/v2\/pages\/31619","targetHints":{"allow":["GET"]}}],"collection":[{"href":"https:\/\/www.apte.org\/en\/wp-json\/wp\/v2\/pages"}],"about":[{"href":"https:\/\/www.apte.org\/en\/wp-json\/wp\/v2\/types\/page"}],"author":[{"embeddable":true,"href":"https:\/\/www.apte.org\/en\/wp-json\/wp\/v2\/users\/1"}],"replies":[{"embeddable":true,"href":"https:\/\/www.apte.org\/en\/wp-json\/wp\/v2\/comments?post=31619"}],"version-history":[{"count":1,"href":"https:\/\/www.apte.org\/en\/wp-json\/wp\/v2\/pages\/31619\/revisions"}],"predecessor-version":[{"id":31622,"href":"https:\/\/www.apte.org\/en\/wp-json\/wp\/v2\/pages\/31619\/revisions\/31622"}],"wp:attachment":[{"href":"https:\/\/www.apte.org\/en\/wp-json\/wp\/v2\/media?parent=31619"}],"curies":[{"name":"wp","href":"https:\/\/api.w.org\/{rel}","templated":true}]}}