{"id":31638,"date":"2025-04-30T14:29:20","date_gmt":"2025-04-30T12:29:20","guid":{"rendered":"https:\/\/apte.org\/requests-for-collaboration\/"},"modified":"2025-07-17T09:57:13","modified_gmt":"2025-07-17T07:57:13","slug":"requests-for-collaboration","status":"publish","type":"page","link":"https:\/\/www.apte.org\/en\/requests-for-collaboration\/","title":{"rendered":"Requests for collaboration"},"content":{"rendered":"<section class=\"l-section wpb_row us_custom_2db68a42 height_large color_primary\"><div class=\"l-section-h i-cf\"><div class=\"g-cols vc_row via_flex valign_top type_default stacking_default\"><div class=\"vc_col-sm-12 wpb_column vc_column_container\"><div class=\"vc_column-inner\"><div class=\"wpb_wrapper\">[vc_custom_heading text=&#8221;Requests for collaboration&#8221; font_container=&#8221;tag:h1|text_align:left&#8221; use_theme_fonts=&#8221;yes&#8221; css=&#8221;%7B%22default%22%3A%7B%22margin-bottom%22%3A%221rem%22%7D%7D&#8221;]<div class=\"wpb_text_column us_custom_4f565819\"><div class=\"wpb_wrapper\"><p>See the catalog.<\/p>\n<\/div><\/div><\/div><\/div><\/div><\/div><\/div><\/section><section class=\"l-section wpb_row height_medium\"><div class=\"l-section-h i-cf\"><div class=\"g-cols vc_row via_flex valign_top type_default stacking_default\"><div class=\"vc_col-sm-3 wpb_column vc_column_container\"><div class=\"vc_column-inner\"><div class=\"wpb_wrapper\"><div class=\"w-html us_custom_70facfb4\"><div class=\"filters-collab w-filter-item type_search\"><div class=\"w-search search-filter us-field-style_2 layout_simple iconpos_left\"><input type=\"search\" class=\"search-collab\" placeholder=\"Enter keywords to refine your search:\"><i class=\"w-search-form-btn w-btn\" style=\"--icon-size:18px;\"><span class=\"fal fa-search\"><\/span><\/i><\/div><\/div><\/div><input type=\"hidden\" name=\"type\" id=\"type-grid\" value=\"demanda\"><div class=\"filters-grant w-filter layout_ver mod_default state_desktop\"><div class=\"w-filter-list\"><div class=\"w-filter-list-title\">Filtros<\/div><button class=\"w-filter-list-closer\" title=\"Cerrar\" aria=\"label=&quot;Cerrar&quot;\"><\/button><div class=\"filters-collab w-filter-item type_dropdown\"><div class=\"w-filter-item-title\"><span class=\"title-text\">Park<\/span><span><\/span><\/div><a href=\"#\" class=\"reset-filter w-filter-item-reset\" data-target=\"park\"><span>Reset<\/span><\/a><div class=\"w-filter-item-content\"><select class=\"filters-collab w-filter-item-value-select\" name=\"park\"><option value=\"*\">All<\/option><option value=\"36514\">Espaitec, Scientific and Technological Park of the Universitat Jaume I of Castell\u00f3<\/option><option value=\"36511\">Fundaci\u00f3n Canaria Parque Cient\u00edfico - Tecnol\u00f3gico de la Universidad de las Palmas de Gran Canaria (Canary Islands Science and Technology Park Foundation of the University of Las Palmas de Gran Canaria)<\/option><option value=\"36520\">Malaga TechPark<\/option><option value=\"36482\">Murcia Science Park (PCM)<\/option><\/select><\/div><\/div><div class=\"filters-collab w-filter-item type_dropdown\"><div class=\"w-filter-item-title\"><span class=\"title-text\">Province<\/span><span><\/span><\/div><a href=\"#\" class=\"reset-filter w-filter-item-reset\" data-target=\"province\"><span>Reset<\/span><\/a><div class=\"w-filter-item-content\"><select class=\"filters-collab w-filter-item-value-select\" name=\"province\"><option value=\"*\">All<\/option><option value=\"castellon-en\">Castell\u00f3n<\/option><option value=\"gran-canaria-en\">Gran Canaria<\/option><option value=\"malaga-en\">M\u00e1laga<\/option><option value=\"murcia-en\">Murcia<\/option><\/select><\/div><\/div><div class=\"filters-collab w-filter-item type_checkbox\"><div class=\"w-filter-item-title\"><span class=\"title-text\">Sector<\/span><span><\/span><\/div><a href=\"#\" class=\"reset-filter w-filter-item-reset\" data-target=\"sector[]\"><span>Reset<\/span><\/a><div class=\"w-filter-item-content\"><div class=\"w-filter-item-values\" data-maxheight=\"100vh\" style=\"max-height:100vh\"><div class=\"w-filter-item-value\"><label><input type=\"checkbox\" class=\"filters-collab\" name=\"sector[]\" value=\"agri-food-biotechnology\"><span class=\"w-filter-item-value-label\">Agri-food - Biotechnology<\/span><\/label><\/div><div class=\"w-filter-item-value\"><label><input type=\"checkbox\" class=\"filters-collab\" name=\"sector[]\" value=\"engineering-consulting-and-consultancy\"><span class=\"w-filter-item-value-label\">Engineering, Consulting and Consultancy<\/span><\/label><\/div><div class=\"w-filter-item-value\"><label><input type=\"checkbox\" class=\"filters-collab\" name=\"sector[]\" value=\"industrial-en\"><span class=\"w-filter-item-value-label\">Industrial<\/span><\/label><\/div><div class=\"w-filter-item-value\"><label><input type=\"checkbox\" class=\"filters-collab\" name=\"sector[]\" value=\"medicine-and-health\"><span class=\"w-filter-item-value-label\">Medicine and Health<\/span><\/label><\/div><\/div><\/div><\/div><div class=\"filters-collab w-filter-item type_checkbox\"><div class=\"w-filter-item-title\"><span class=\"title-text\">Subsector<\/span><span><\/span><\/div><a href=\"#\" class=\"reset-filter w-filter-item-reset\" data-target=\"subsector[]\"><span>Reset<\/span><\/a><div class=\"w-filter-item-content\"><div class=\"w-filter-item-values\" data-maxheight=\"100vh\" style=\"max-height:100vh\"><div class=\"w-filter-item-value\"><label><input type=\"checkbox\" class=\"filters-collab\" name=\"subsector[]\" value=\"biotechnology\"><span class=\"w-filter-item-value-label\">Biotechnology<\/span><\/label><\/div><div class=\"w-filter-item-value\"><label><input type=\"checkbox\" class=\"filters-collab\" name=\"subsector[]\" value=\"engineering\"><span class=\"w-filter-item-value-label\">Engineering<\/span><\/label><\/div><div class=\"w-filter-item-value\"><label><input type=\"checkbox\" class=\"filters-collab\" name=\"subsector[]\" value=\"veterinary\"><span class=\"w-filter-item-value-label\">Veterinary<\/span><\/label><\/div><\/div><\/div><\/div><\/div><div class=\"w-filter-list-panel\"><button class=\"w-btn us-btn-style_1\"><span class=\"w-btn-label\">Apply<\/span><\/button><\/div><button class=\"w-filter-opener\"><span>Filters<\/span><\/button><\/div><\/div><\/div><\/div><div class=\"vc_col-sm-9 wpb_column vc_column_container\"><div class=\"vc_column-inner\"><div class=\"wpb_wrapper\"><div id=\"grid-offers\"><article class=\"offer-item sector-medicine-and-health\"><a href=\"https:\/\/www.apte.org\/en\/demanda-colaboracion\/search-for-a-business-partner-for-a-project-on-genotyping-systems-and-dna-metabarcoding\/\"><h3 class=\"offer-title\">Search for a business partner for a project on genotyping systems and DNA Metabarcoding.<\/h3><p><\/p><span class=\"see-more\">See more<\/span><\/a><\/article><article class=\"offer-item sector-agri-food-biotechnology\"><a href=\"https:\/\/www.apte.org\/en\/demand-collaboration\/technical-assets-sourced-from-artichoke\/\"><h3 class=\"offer-title\">Technical active ingredients from ARTICHOKE<\/h3><p><\/p><span class=\"see-more\">See more<\/span><\/a><\/article><article class=\"offer-item sector-industrial-en\"><a href=\"https:\/\/www.apte.org\/en\/demand-collaboration\/collaboration-in-innovation-projects-with-ia\/\"><h3 class=\"offer-title\">Collaboration in AI innovation projects<\/h3><p><\/p><span class=\"see-more\">See more<\/span><\/a><\/article><article class=\"offer-item sector-engineering-consulting-and-consultancy\"><a href=\"https:\/\/www.apte.org\/en\/demand-collaboration\/search-for-technology-partners-for-digital-twins-and-predictive-mobility-models\/\"><h3 class=\"offer-title\">Technology partner search for digital twins and predictive mobility models<\/h3><p><\/p><span class=\"see-more\">See more<\/span><\/a><\/article><\/div><\/div><\/div><\/div><\/div><\/div><\/section>\n","protected":false},"excerpt":{"rendered":"","protected":false},"author":1,"featured_media":0,"parent":0,"menu_order":0,"comment_status":"closed","ping_status":"closed","template":"","meta":{"_acf_changed":false,"footnotes":""},"class_list":["post-31638","page","type-page","status-publish","hentry"],"acf":[],"yoast_head":"<!-- This site is optimized with the Yoast SEO plugin v27.4 - https:\/\/yoast.com\/product\/yoast-seo-wordpress\/ -->\n<title>Requests for collaboration - APTE<\/title>\n<meta name=\"robots\" content=\"index, follow, max-snippet:-1, max-image-preview:large, max-video-preview:-1\" \/>\n<link rel=\"canonical\" href=\"https:\/\/www.apte.org\/en\/requests-for-collaboration\/\" \/>\n<meta property=\"og:locale\" content=\"en_US\" \/>\n<meta property=\"og:type\" content=\"article\" \/>\n<meta property=\"og:title\" content=\"Requests for collaboration - APTE\" \/>\n<meta property=\"og:url\" content=\"https:\/\/www.apte.org\/en\/requests-for-collaboration\/\" \/>\n<meta property=\"og:site_name\" content=\"APTE\" \/>\n<meta property=\"article:modified_time\" content=\"2025-07-17T07:57:13+00:00\" \/>\n<meta name=\"twitter:card\" content=\"summary_large_image\" \/>\n<meta name=\"twitter:label1\" content=\"Est. reading time\" \/>\n\t<meta name=\"twitter:data1\" content=\"1 minute\" \/>\n<script type=\"application\/ld+json\" class=\"yoast-schema-graph\">{\"@context\":\"https:\\\/\\\/schema.org\",\"@graph\":[{\"@type\":\"WebPage\",\"@id\":\"https:\\\/\\\/www.apte.org\\\/en\\\/requests-for-collaboration\\\/\",\"url\":\"https:\\\/\\\/www.apte.org\\\/en\\\/requests-for-collaboration\\\/\",\"name\":\"Requests for collaboration - APTE\",\"isPartOf\":{\"@id\":\"https:\\\/\\\/www.apte.org\\\/en\\\/#website\"},\"datePublished\":\"2025-04-30T12:29:20+00:00\",\"dateModified\":\"2025-07-17T07:57:13+00:00\",\"breadcrumb\":{\"@id\":\"https:\\\/\\\/www.apte.org\\\/en\\\/requests-for-collaboration\\\/#breadcrumb\"},\"inLanguage\":\"en-US\",\"potentialAction\":[{\"@type\":\"ReadAction\",\"target\":[\"https:\\\/\\\/www.apte.org\\\/en\\\/requests-for-collaboration\\\/\"]}]},{\"@type\":\"BreadcrumbList\",\"@id\":\"https:\\\/\\\/www.apte.org\\\/en\\\/requests-for-collaboration\\\/#breadcrumb\",\"itemListElement\":[{\"@type\":\"ListItem\",\"position\":1,\"name\":\"Portada\",\"item\":\"https:\\\/\\\/www.apte.org\\\/en\\\/home\\\/\"},{\"@type\":\"ListItem\",\"position\":2,\"name\":\"Requests for collaboration\"}]},{\"@type\":\"WebSite\",\"@id\":\"https:\\\/\\\/www.apte.org\\\/en\\\/#website\",\"url\":\"https:\\\/\\\/www.apte.org\\\/en\\\/\",\"name\":\"APTE\",\"description\":\"\",\"potentialAction\":[{\"@type\":\"SearchAction\",\"target\":{\"@type\":\"EntryPoint\",\"urlTemplate\":\"https:\\\/\\\/www.apte.org\\\/en\\\/?s={search_term_string}\"},\"query-input\":{\"@type\":\"PropertyValueSpecification\",\"valueRequired\":true,\"valueName\":\"search_term_string\"}}],\"inLanguage\":\"en-US\"}]}<\/script>\n<!-- \/ Yoast SEO plugin. -->","yoast_head_json":{"title":"Requests for collaboration - APTE","robots":{"index":"index","follow":"follow","max-snippet":"max-snippet:-1","max-image-preview":"max-image-preview:large","max-video-preview":"max-video-preview:-1"},"canonical":"https:\/\/www.apte.org\/en\/requests-for-collaboration\/","og_locale":"en_US","og_type":"article","og_title":"Requests for collaboration - APTE","og_url":"https:\/\/www.apte.org\/en\/requests-for-collaboration\/","og_site_name":"APTE","article_modified_time":"2025-07-17T07:57:13+00:00","twitter_card":"summary_large_image","twitter_misc":{"Est. reading time":"1 minute"},"schema":{"@context":"https:\/\/schema.org","@graph":[{"@type":"WebPage","@id":"https:\/\/www.apte.org\/en\/requests-for-collaboration\/","url":"https:\/\/www.apte.org\/en\/requests-for-collaboration\/","name":"Requests for collaboration - APTE","isPartOf":{"@id":"https:\/\/www.apte.org\/en\/#website"},"datePublished":"2025-04-30T12:29:20+00:00","dateModified":"2025-07-17T07:57:13+00:00","breadcrumb":{"@id":"https:\/\/www.apte.org\/en\/requests-for-collaboration\/#breadcrumb"},"inLanguage":"en-US","potentialAction":[{"@type":"ReadAction","target":["https:\/\/www.apte.org\/en\/requests-for-collaboration\/"]}]},{"@type":"BreadcrumbList","@id":"https:\/\/www.apte.org\/en\/requests-for-collaboration\/#breadcrumb","itemListElement":[{"@type":"ListItem","position":1,"name":"Portada","item":"https:\/\/www.apte.org\/en\/home\/"},{"@type":"ListItem","position":2,"name":"Requests for collaboration"}]},{"@type":"WebSite","@id":"https:\/\/www.apte.org\/en\/#website","url":"https:\/\/www.apte.org\/en\/","name":"APTE","description":"","potentialAction":[{"@type":"SearchAction","target":{"@type":"EntryPoint","urlTemplate":"https:\/\/www.apte.org\/en\/?s={search_term_string}"},"query-input":{"@type":"PropertyValueSpecification","valueRequired":true,"valueName":"search_term_string"}}],"inLanguage":"en-US"}]}},"_links":{"self":[{"href":"https:\/\/www.apte.org\/en\/wp-json\/wp\/v2\/pages\/31638","targetHints":{"allow":["GET"]}}],"collection":[{"href":"https:\/\/www.apte.org\/en\/wp-json\/wp\/v2\/pages"}],"about":[{"href":"https:\/\/www.apte.org\/en\/wp-json\/wp\/v2\/types\/page"}],"author":[{"embeddable":true,"href":"https:\/\/www.apte.org\/en\/wp-json\/wp\/v2\/users\/1"}],"replies":[{"embeddable":true,"href":"https:\/\/www.apte.org\/en\/wp-json\/wp\/v2\/comments?post=31638"}],"version-history":[{"count":4,"href":"https:\/\/www.apte.org\/en\/wp-json\/wp\/v2\/pages\/31638\/revisions"}],"predecessor-version":[{"id":31665,"href":"https:\/\/www.apte.org\/en\/wp-json\/wp\/v2\/pages\/31638\/revisions\/31665"}],"wp:attachment":[{"href":"https:\/\/www.apte.org\/en\/wp-json\/wp\/v2\/media?parent=31638"}],"curies":[{"name":"wp","href":"https:\/\/api.w.org\/{rel}","templated":true}]}}