{"id":31658,"date":"2025-04-29T13:51:54","date_gmt":"2025-04-29T11:51:54","guid":{"rendered":"https:\/\/apte.org\/collaboration-offers\/"},"modified":"2025-07-17T09:57:13","modified_gmt":"2025-07-17T07:57:13","slug":"collaboration-offers","status":"publish","type":"page","link":"https:\/\/www.apte.org\/en\/collaboration-offers\/","title":{"rendered":"Collaboration offers"},"content":{"rendered":"<section class=\"l-section wpb_row us_custom_2db68a42 height_large color_primary\"><div class=\"l-section-h i-cf\"><div class=\"g-cols vc_row via_flex valign_top type_default stacking_default\"><div class=\"vc_col-sm-12 wpb_column vc_column_container\"><div class=\"vc_column-inner\"><div class=\"wpb_wrapper\">[vc_custom_heading text=&#8221;Collaboration offers&#8221; font_container=&#8221;tag:h1|text_align:left&#8221; use_theme_fonts=&#8221;yes&#8221; css=&#8221;%7B%22default%22%3A%7B%22margin-bottom%22%3A%221rem%22%7D%7D&#8221;]<div class=\"wpb_text_column us_custom_4f565819\"><div class=\"wpb_wrapper\"><p>See the catalog.<\/p>\n<\/div><\/div><\/div><\/div><\/div><\/div><\/div><\/section><section class=\"l-section wpb_row height_medium\"><div class=\"l-section-h i-cf\"><div class=\"g-cols vc_row via_flex valign_top type_default stacking_default\"><div class=\"vc_col-sm-3 wpb_column vc_column_container\"><div class=\"vc_column-inner\"><div class=\"wpb_wrapper\"><div class=\"w-html us_custom_70facfb4\"><div class=\"filters-collab w-filter-item type_search\"><div class=\"w-search search-filter us-field-style_2 layout_simple iconpos_left\"><input type=\"search\" class=\"search-collab\" placeholder=\"Enter keywords to refine your search:\"><i class=\"w-search-form-btn w-btn\" style=\"--icon-size:18px;\"><span class=\"fal fa-search\"><\/span><\/i><\/div><\/div><\/div><input type=\"hidden\" name=\"type\" id=\"type-grid\" value=\"oferta\"><div class=\"filters-grant w-filter layout_ver mod_default state_desktop\"><div class=\"w-filter-list\"><div class=\"w-filter-list-title\">Filtros<\/div><button class=\"w-filter-list-closer\" title=\"Cerrar\" aria=\"label=&quot;Cerrar&quot;\"><\/button><div class=\"filters-collab w-filter-item type_dropdown\"><div class=\"w-filter-item-title\"><span class=\"title-text\">Park<\/span><span><\/span><\/div><a href=\"#\" class=\"reset-filter w-filter-item-reset\" data-target=\"park\"><span>Reset<\/span><\/a><div class=\"w-filter-item-content\"><select class=\"filters-collab w-filter-item-value-select\" name=\"park\"><option value=\"*\">All<\/option><option value=\"36496\">Alicante Science Park<\/option><option value=\"36514\">Espaitec, Scientific and Technological Park of the Universitat Jaume I of Castell\u00f3<\/option><option value=\"36511\">Fundaci\u00f3n Canaria Parque Cient\u00edfico - Tecnol\u00f3gico de la Universidad de las Palmas de Gran Canaria (Canary Islands Science and Technology Park Foundation of the University of Las Palmas de Gran Canaria)<\/option><option value=\"36478\">Gijon Science and Technology Park<\/option><option value=\"36494\">Madrid Science Park<\/option><option value=\"36520\">Malaga TechPark<\/option><option value=\"36521\">Parc UPC - Universitat Polit\u00e8cnica de Catalunya - BarcelonaTech<\/option><option value=\"36501\">Science and Technology Park of Castilla-La Mancha<\/option><option value=\"36483\">Science Park of the Miguel Hern\u00e1ndez University of Elche<\/option><\/select><\/div><\/div><div class=\"filters-collab w-filter-item type_dropdown\"><div class=\"w-filter-item-title\"><span class=\"title-text\">Province<\/span><span><\/span><\/div><a href=\"#\" class=\"reset-filter w-filter-item-reset\" data-target=\"province\"><span>Reset<\/span><\/a><div class=\"w-filter-item-content\"><select class=\"filters-collab w-filter-item-value-select\" name=\"province\"><option value=\"*\">All<\/option><option value=\"albacete-en\">Albacete<\/option><option value=\"alicante-en\">Alicante<\/option><option value=\"asturias-en\">Asturias<\/option><option value=\"barcelona-en\">Barcelona<\/option><option value=\"gran-canaria-en\">Gran Canaria<\/option><option value=\"madrid-en\">Madrid<\/option><option value=\"malaga-en\">M\u00e1laga<\/option><\/select><\/div><\/div><div class=\"filters-collab w-filter-item type_checkbox\"><div class=\"w-filter-item-title\"><span class=\"title-text\">Sector<\/span><span><\/span><\/div><a href=\"#\" class=\"reset-filter w-filter-item-reset\" data-target=\"sector[]\"><span>Reset<\/span><\/a><div class=\"w-filter-item-content\"><div class=\"w-filter-item-values\" data-maxheight=\"100vh\" style=\"max-height:100vh\"><div class=\"w-filter-item-value\"><label><input type=\"checkbox\" class=\"filters-collab\" name=\"sector[]\" value=\"aeronautics-automotive\"><span class=\"w-filter-item-value-label\">Aeronautics - Automotive<\/span><\/label><\/div><div class=\"w-filter-item-value\"><label><input type=\"checkbox\" class=\"filters-collab\" name=\"sector[]\" value=\"energy-environment\"><span class=\"w-filter-item-value-label\">Energy - Environment<\/span><\/label><\/div><div class=\"w-filter-item-value\"><label><input type=\"checkbox\" class=\"filters-collab\" name=\"sector[]\" value=\"engineering-consulting-and-consultancy\"><span class=\"w-filter-item-value-label\">Engineering, Consulting and Consultancy<\/span><\/label><\/div><div class=\"w-filter-item-value\"><label><input type=\"checkbox\" class=\"filters-collab\" name=\"sector[]\" value=\"information-informatics-and-telecommunications\"><span class=\"w-filter-item-value-label\">Information, Informatics and Telecommunications<\/span><\/label><\/div><div class=\"w-filter-item-value\"><label><input type=\"checkbox\" class=\"filters-collab\" name=\"sector[]\" value=\"medicine-and-health\"><span class=\"w-filter-item-value-label\">Medicine and Health<\/span><\/label><\/div><div class=\"w-filter-item-value\"><label><input type=\"checkbox\" class=\"filters-collab\" name=\"sector[]\" value=\"other\"><span class=\"w-filter-item-value-label\">Other<\/span><\/label><\/div><\/div><\/div><\/div><div class=\"filters-collab w-filter-item type_checkbox\"><div class=\"w-filter-item-title\"><span class=\"title-text\">Subsector<\/span><span><\/span><\/div><a href=\"#\" class=\"reset-filter w-filter-item-reset\" data-target=\"subsector[]\"><span>Reset<\/span><\/a><div class=\"w-filter-item-content\"><div class=\"w-filter-item-values\" data-maxheight=\"100vh\" style=\"max-height:100vh\"><div class=\"w-filter-item-value\"><label><input type=\"checkbox\" class=\"filters-collab\" name=\"subsector[]\" value=\"aeronautics\"><span class=\"w-filter-item-value-label\">Aeronautics<\/span><\/label><\/div><div class=\"w-filter-item-value\"><label><input type=\"checkbox\" class=\"filters-collab\" name=\"subsector[]\" value=\"chemist-pharmacist\"><span class=\"w-filter-item-value-label\">Chemist \/ Pharmacist<\/span><\/label><\/div><div class=\"w-filter-item-value\"><label><input type=\"checkbox\" class=\"filters-collab\" name=\"subsector[]\" value=\"computer-programming-and-consulting\"><span class=\"w-filter-item-value-label\">Computer programming and consulting<\/span><\/label><\/div><div class=\"w-filter-item-value\"><label><input type=\"checkbox\" class=\"filters-collab\" name=\"subsector[]\" value=\"consulting\"><span class=\"w-filter-item-value-label\">Consulting<\/span><\/label><\/div><div class=\"w-filter-item-value\"><label><input type=\"checkbox\" class=\"filters-collab\" name=\"subsector[]\" value=\"digital-marketing-and-advertising\"><span class=\"w-filter-item-value-label\">Digital marketing and advertising<\/span><\/label><\/div><div class=\"w-filter-item-value\"><label><input type=\"checkbox\" class=\"filters-collab\" name=\"subsector[]\" value=\"engineering\"><span class=\"w-filter-item-value-label\">Engineering<\/span><\/label><\/div><div class=\"w-filter-item-value\"><label><input type=\"checkbox\" class=\"filters-collab\" name=\"subsector[]\" value=\"other-services\"><span class=\"w-filter-item-value-label\">Other services<\/span><\/label><\/div><div class=\"w-filter-item-value\"><label><input type=\"checkbox\" class=\"filters-collab\" name=\"subsector[]\" value=\"photovoltaic-energy\"><span class=\"w-filter-item-value-label\">Photovoltaic energy<\/span><\/label><\/div><div class=\"w-filter-item-value\"><label><input type=\"checkbox\" class=\"filters-collab\" name=\"subsector[]\" value=\"telecommunications\"><span class=\"w-filter-item-value-label\">Telecommunications<\/span><\/label><\/div><\/div><\/div><\/div><\/div><div class=\"w-filter-list-panel\"><button class=\"w-btn us-btn-style_1\"><span class=\"w-btn-label\">Apply<\/span><\/button><\/div><button class=\"w-filter-opener\"><span>Filters<\/span><\/button><\/div><\/div><\/div><\/div><div class=\"vc_col-sm-9 wpb_column vc_column_container\"><div class=\"vc_column-inner\"><div class=\"wpb_wrapper\"><div id=\"grid-offers\"><article class=\"offer-item sector-agro\"><a href=\"https:\/\/www.apte.org\/oferta-colaboracion\/desarrollo-e-industrializacion-de-matrices-vegetales-deshidratadas-con-recubrimientos-metalicos-funcionales-gastro-tech\/\"><h3 class=\"offer-title\">Desarrollo e industrializaci\u00f3n de matrices vegetales deshidratadas con recubrimientos met\u00e1licos funcionales (Gastro-Tech)<\/h3><p>Startup del sector Gastro-Tech con sede en Mallorca, dedicada al dise\u00f1o y producci\u00f3n de soportes gastron\u00f3micos disruptivos. Fusionamos la ingenier\u00eda...<\/p><span class=\"see-more\">See more<\/span><\/a><\/article><article class=\"offer-item sector-industrial\"><a href=\"https:\/\/www.apte.org\/oferta-colaboracion\/tecnologia-de-inspeccion-de-materiales-por-rayos-x-y-telemetria-laser\/\"><h3 class=\"offer-title\">Tecnolog\u00eda de inspecci\u00f3n de materiales por rayos X y telemetr\u00eda l\u00e1ser<\/h3><p>TEKINN es una spin-off del Instituto de Tecnolog\u00eda Cer\u00e1mica de Castell\u00f3n. Su actividad es la explotaci\u00f3n y desarrollo de negocio...<\/p><span class=\"see-more\">See more<\/span><\/a><\/article><article class=\"offer-item sector-medicine-and-health\"><a href=\"https:\/\/www.apte.org\/en\/offer-collaboration\/one-cro-different-to-the-result\/\"><h3 class=\"offer-title\">A CRO different from the rest<\/h3><p>Fundaci\u00f3n Te\u00f3filo Hernando (FTH) is a different CRO with more than 28 years of experience in most of the key...<\/p><span class=\"see-more\">See more<\/span><\/a><\/article><article class=\"offer-item sector-engineering-consulting-and-consultancy\"><a href=\"https:\/\/www.apte.org\/en\/oferta-colaboracion\/gender-ssh-y-policy-recommendations-for-research-projects\/\"><h3 class=\"offer-title\">GENDER, SSH AND POLICY RECOMMENDATIONS FOR RESEARCH PROJECTS<\/h3><p>PARADIGMA INNOVATION, S. L. is a recent spin-off of PLUS ETHICS, based in Elche, which was created to provide gender...<\/p><span class=\"see-more\">See more<\/span><\/a><\/article><article class=\"offer-item sector-engineering-consulting-and-consultancy\"><a href=\"https:\/\/www.apte.org\/en\/offer-collaboration\/ethics-privacy-privacy-legal-support-and-social-sciences-on-research-projects\/\"><h3 class=\"offer-title\">ETHICS, PRIVACY, LEGAL SUPPORT AND SOCIAL SCIENCES IN RESEARCH PROJECTS<\/h3><p>ETHICAL &#038; LEGAL PLUS, S. L. (PLUS ETHICS) is a Spanish SME based in Elche, Valencian Community, emerged in 2018...<\/p><span class=\"see-more\">See more<\/span><\/a><\/article><article class=\"offer-item sector-other\"><a href=\"https:\/\/www.apte.org\/en\/offer-collaboration\/solutions-bpo-toward-operational-excellence\/\"><h3 class=\"offer-title\">BPO SOLUTIONS TOWARDS OPERATIONAL EXCELLENCE<\/h3><p>OPPLUS was born more than 17 years ago, becoming the leading company in Malaga in the field of consulting and...<\/p><span class=\"see-more\">See more<\/span><\/a><\/article><article class=\"offer-item sector-information-informatics-and-telecommunications\"><a href=\"https:\/\/www.apte.org\/en\/oferta-colaboracion\/advanced-telecommunications-services-for-businesses\/\"><h3 class=\"offer-title\">Advanced telecommunications services for businesses<\/h3><p>In today&#8217;s era, marked by the accelerated advancement of technology and the growing need for digitization, companies are constantly looking...<\/p><span class=\"see-more\">See more<\/span><\/a><\/article><article class=\"offer-item sector-aeronautics-automotive\"><a href=\"https:\/\/www.apte.org\/en\/offer-collaboration\/consultancy-and-training-aeronautics\/\"><h3 class=\"offer-title\">Aeronautical Consulting and Training<\/h3><p>Euro Davinci Consulting S.L. is an aeronautical consultancy specialized in operational safety. The company has multidisciplinary staff in all aeronautical...<\/p><span class=\"see-more\">See more<\/span><\/a><\/article><article class=\"offer-item sector-other\"><a href=\"https:\/\/www.apte.org\/en\/oferta-colaboracion\/add-value-with-us\/\"><h3 class=\"offer-title\">ADD VALUE WITH US<\/h3><p>R+D+i company specialized in the manufacture of long-lasting disruptive biocides thanks to nanotechnology. We offer solutions for multiple sectors such...<\/p><span class=\"see-more\">See more<\/span><\/a><\/article><article class=\"offer-item sector-information-informatics-and-telecommunications\"><a href=\"https:\/\/www.apte.org\/en\/oferta-colaboracion\/open-innovation-projects-for-activa-startup\/\"><h3 class=\"offer-title\">Open Innovation Projects for Activa Startup<\/h3><p>We are a PC startup from Alicante, specialized in Digitalization using emerging technologies, which makes us a potential partner (as...<\/p><span class=\"see-more\">See more<\/span><\/a><\/article><article class=\"offer-item sector-information-informatics-and-telecommunications\"><a href=\"https:\/\/www.apte.org\/en\/oferta-colaboracion\/egam-supply-chain-supply-chain-control\/\"><h3 class=\"offer-title\">eGAM Supply Chain: Supply chain control<\/h3><p>Software development startup focused on digitization in order to bring well-being and peace of mind to companies.<\/p><span class=\"see-more\">See more<\/span><\/a><\/article><article class=\"offer-item sector-other\"><a href=\"https:\/\/www.apte.org\/en\/offer-collaboration\/system-integrated-voice-text-for-interpreters-vip\/\"><h3 class=\"offer-title\">Integrated Voice-to-Voice Text System for Int\u00e9rPretes (VIP)<\/h3><p>The University Institute for Research in Multilingual Linguistic Technologies (IUITLM) is one of the centers of excellence dedicated to scientific...<\/p><span class=\"see-more\">See more<\/span><\/a><\/article><div class=\"pagination\"><div class=\"nav-links\"><span aria-current=\"page\" class=\"page-numbers current\">1<\/span>\n<a class=\"page-numbers\" href=\"https:\/\/www.apte.org\/en\/wp-json\/wp\/v2\/pages\/31658page\/2\/\">2<\/a>\n<a class=\"next page-numbers\" href=\"https:\/\/www.apte.org\/en\/wp-json\/wp\/v2\/pages\/31658page\/2\/\">Next \u00bb<\/a><\/div><\/div><\/div><\/div><\/div><\/div><\/div><\/div><\/section>\n","protected":false},"excerpt":{"rendered":"","protected":false},"author":1,"featured_media":0,"parent":0,"menu_order":0,"comment_status":"closed","ping_status":"closed","template":"","meta":{"_acf_changed":false,"footnotes":""},"class_list":["post-31658","page","type-page","status-publish","hentry"],"acf":[],"yoast_head":"<!-- This site is optimized with the Yoast SEO plugin v27.4 - https:\/\/yoast.com\/product\/yoast-seo-wordpress\/ -->\n<title>Collaboration offers - APTE<\/title>\n<meta name=\"robots\" content=\"index, follow, max-snippet:-1, max-image-preview:large, max-video-preview:-1\" \/>\n<link rel=\"canonical\" href=\"https:\/\/www.apte.org\/en\/collaboration-offers\/\" \/>\n<meta property=\"og:locale\" content=\"en_US\" \/>\n<meta property=\"og:type\" content=\"article\" \/>\n<meta property=\"og:title\" content=\"Collaboration offers - APTE\" \/>\n<meta property=\"og:url\" content=\"https:\/\/www.apte.org\/en\/collaboration-offers\/\" \/>\n<meta property=\"og:site_name\" content=\"APTE\" \/>\n<meta property=\"article:modified_time\" content=\"2025-07-17T07:57:13+00:00\" \/>\n<meta name=\"twitter:card\" content=\"summary_large_image\" \/>\n<meta name=\"twitter:label1\" content=\"Est. reading time\" \/>\n\t<meta name=\"twitter:data1\" content=\"1 minute\" \/>\n<script type=\"application\/ld+json\" class=\"yoast-schema-graph\">{\"@context\":\"https:\\\/\\\/schema.org\",\"@graph\":[{\"@type\":\"WebPage\",\"@id\":\"https:\\\/\\\/www.apte.org\\\/en\\\/collaboration-offers\\\/\",\"url\":\"https:\\\/\\\/www.apte.org\\\/en\\\/collaboration-offers\\\/\",\"name\":\"Collaboration offers - APTE\",\"isPartOf\":{\"@id\":\"https:\\\/\\\/www.apte.org\\\/en\\\/#website\"},\"datePublished\":\"2025-04-29T11:51:54+00:00\",\"dateModified\":\"2025-07-17T07:57:13+00:00\",\"breadcrumb\":{\"@id\":\"https:\\\/\\\/www.apte.org\\\/en\\\/collaboration-offers\\\/#breadcrumb\"},\"inLanguage\":\"en-US\",\"potentialAction\":[{\"@type\":\"ReadAction\",\"target\":[\"https:\\\/\\\/www.apte.org\\\/en\\\/collaboration-offers\\\/\"]}]},{\"@type\":\"BreadcrumbList\",\"@id\":\"https:\\\/\\\/www.apte.org\\\/en\\\/collaboration-offers\\\/#breadcrumb\",\"itemListElement\":[{\"@type\":\"ListItem\",\"position\":1,\"name\":\"Portada\",\"item\":\"https:\\\/\\\/www.apte.org\\\/en\\\/home\\\/\"},{\"@type\":\"ListItem\",\"position\":2,\"name\":\"Collaboration offers\"}]},{\"@type\":\"WebSite\",\"@id\":\"https:\\\/\\\/www.apte.org\\\/en\\\/#website\",\"url\":\"https:\\\/\\\/www.apte.org\\\/en\\\/\",\"name\":\"APTE\",\"description\":\"\",\"potentialAction\":[{\"@type\":\"SearchAction\",\"target\":{\"@type\":\"EntryPoint\",\"urlTemplate\":\"https:\\\/\\\/www.apte.org\\\/en\\\/?s={search_term_string}\"},\"query-input\":{\"@type\":\"PropertyValueSpecification\",\"valueRequired\":true,\"valueName\":\"search_term_string\"}}],\"inLanguage\":\"en-US\"}]}<\/script>\n<!-- \/ Yoast SEO plugin. -->","yoast_head_json":{"title":"Collaboration offers - APTE","robots":{"index":"index","follow":"follow","max-snippet":"max-snippet:-1","max-image-preview":"max-image-preview:large","max-video-preview":"max-video-preview:-1"},"canonical":"https:\/\/www.apte.org\/en\/collaboration-offers\/","og_locale":"en_US","og_type":"article","og_title":"Collaboration offers - APTE","og_url":"https:\/\/www.apte.org\/en\/collaboration-offers\/","og_site_name":"APTE","article_modified_time":"2025-07-17T07:57:13+00:00","twitter_card":"summary_large_image","twitter_misc":{"Est. reading time":"1 minute"},"schema":{"@context":"https:\/\/schema.org","@graph":[{"@type":"WebPage","@id":"https:\/\/www.apte.org\/en\/collaboration-offers\/","url":"https:\/\/www.apte.org\/en\/collaboration-offers\/","name":"Collaboration offers - APTE","isPartOf":{"@id":"https:\/\/www.apte.org\/en\/#website"},"datePublished":"2025-04-29T11:51:54+00:00","dateModified":"2025-07-17T07:57:13+00:00","breadcrumb":{"@id":"https:\/\/www.apte.org\/en\/collaboration-offers\/#breadcrumb"},"inLanguage":"en-US","potentialAction":[{"@type":"ReadAction","target":["https:\/\/www.apte.org\/en\/collaboration-offers\/"]}]},{"@type":"BreadcrumbList","@id":"https:\/\/www.apte.org\/en\/collaboration-offers\/#breadcrumb","itemListElement":[{"@type":"ListItem","position":1,"name":"Portada","item":"https:\/\/www.apte.org\/en\/home\/"},{"@type":"ListItem","position":2,"name":"Collaboration offers"}]},{"@type":"WebSite","@id":"https:\/\/www.apte.org\/en\/#website","url":"https:\/\/www.apte.org\/en\/","name":"APTE","description":"","potentialAction":[{"@type":"SearchAction","target":{"@type":"EntryPoint","urlTemplate":"https:\/\/www.apte.org\/en\/?s={search_term_string}"},"query-input":{"@type":"PropertyValueSpecification","valueRequired":true,"valueName":"search_term_string"}}],"inLanguage":"en-US"}]}},"_links":{"self":[{"href":"https:\/\/www.apte.org\/en\/wp-json\/wp\/v2\/pages\/31658","targetHints":{"allow":["GET"]}}],"collection":[{"href":"https:\/\/www.apte.org\/en\/wp-json\/wp\/v2\/pages"}],"about":[{"href":"https:\/\/www.apte.org\/en\/wp-json\/wp\/v2\/types\/page"}],"author":[{"embeddable":true,"href":"https:\/\/www.apte.org\/en\/wp-json\/wp\/v2\/users\/1"}],"replies":[{"embeddable":true,"href":"https:\/\/www.apte.org\/en\/wp-json\/wp\/v2\/comments?post=31658"}],"version-history":[{"count":1,"href":"https:\/\/www.apte.org\/en\/wp-json\/wp\/v2\/pages\/31658\/revisions"}],"predecessor-version":[{"id":31661,"href":"https:\/\/www.apte.org\/en\/wp-json\/wp\/v2\/pages\/31658\/revisions\/31661"}],"wp:attachment":[{"href":"https:\/\/www.apte.org\/en\/wp-json\/wp\/v2\/media?parent=31658"}],"curies":[{"name":"wp","href":"https:\/\/api.w.org\/{rel}","templated":true}]}}